{"id":109,"date":"2014-10-30T18:22:18","date_gmt":"2014-10-30T17:22:18","guid":{"rendered":"http:\/\/lgsbartreng.lu\/wordpress\/?page_id=109"},"modified":"2020-05-05T15:13:40","modified_gmt":"2020-05-05T13:13:40","slug":"branchen","status":"publish","type":"page","link":"https:\/\/www.lgsbartreng.lu\/wordpress\/branchen\/","title":{"rendered":"Branchen"},"content":{"rendered":"<h3><img loading=\"lazy\" decoding=\"async\" class=\"alignright wp-image-683 size-thumbnail\" src=\"http:\/\/lgsbartreng.lu\/wordpress\/wp-content\/uploads\/2015\/01\/BGS-150x150.jpg\" alt=\"BGS Logo\" width=\"150\" height=\"150\" srcset=\"https:\/\/www.lgsbartreng.lu\/wordpress\/wp-content\/uploads\/2015\/01\/BGS-150x150.jpg 150w, https:\/\/www.lgsbartreng.lu\/wordpress\/wp-content\/uploads\/2015\/01\/BGS-300x300.jpg 300w, https:\/\/www.lgsbartreng.lu\/wordpress\/wp-content\/uploads\/2015\/01\/BGS.jpg 461w\" sizes=\"auto, (max-width: 150px) 100vw, 150px\" \/>Bartrenger Guiden a Scouten<\/h3>\n<p style=\"text-align: justify;\">D\u2019Bartrenger Guiden a Scouten geh\u00e9ieren zum Verband vun de L\u00ebtzebuerger Guiden a Scouten (kuerz: LGS). D&#8217;LGS ass en erz\u00e9ieresche Jugendmouvement, deen op ass fir jiddereen.<\/p>\n<p style=\"text-align: justify;\" align=\"justify\">Mir bidden de Kanner a Jugendlechen eng ganz Rei flott an usprochsvoll Aktivit\u00e9iten un. Nieft eiser Mont\u00e9e, dem Adventsmaart, Bazar, Theater, Ouschteree\u00ebraktioun a Wisefest organis\u00e9iert all Branche hir Versammlungen, Sortie\u2019en, Weekender a Camp\u2019en, d\u00e9i dann dem jeeweilegen Alter ugepasst sinn.<\/p>\n<p style=\"text-align: justify;\">Mir hu 5 Branchen, d\u00e9i a folgend Alterskategorien opgdeelt sin:<\/p>\n<ul>\n<li style=\"text-align: justify;\"><a title=\"W\u00ebllef (8 \u2013 11 Joer)\" href=\"http:\/\/lgsbartreng.lu\/wordpress\/branchen\/wellef\/\">W\u00ebllefcher (8 &#8211; 11 Joer)<\/a><\/li>\n<li style=\"text-align: justify;\"><a title=\"AvEx (11 \u2013 14 Joer)\" href=\"http:\/\/lgsbartreng.lu\/wordpress\/branchen\/avex\/\">AvEx (11 &#8211; 14 Joer)<\/a><\/li>\n<li style=\"text-align: justify;\"><a title=\"CaraPio (14 \u2013 17 Joer)\" href=\"http:\/\/lgsbartreng.lu\/wordpress\/branchen\/carapio\/\">CaraPio (14 &#8211; 17 Joer)<\/a><\/li>\n<li style=\"text-align: justify;\"><a title=\"RaRo (17 \u2013 23 Joer)\" href=\"http:\/\/lgsbartreng.lu\/wordpress\/branchen\/raro\/\">RaRo (17 &#8211; 23 Joer)<\/a><\/li>\n<li style=\"text-align: justify;\"><a title=\"Albatrossen (ab 23 Joer)\" href=\"http:\/\/lgsbartreng.lu\/wordpress\/branchen\/albatrossen\/\">Albatrossen (ab 23 Joer)<\/a><\/li>\n<\/ul>\n<p style=\"text-align: center;\"><a href=\"http:\/\/www.lgsbartreng.lu\/wordpress\/branchen\/wellef\/\"><img loading=\"lazy\" decoding=\"async\" class=\"alignnone wp-image-3280\" title=\"W\u00ebllefcher (8 - 11 Joer)\" src=\"http:\/\/www.lgsbartreng.lu\/wordpress\/wp-content\/uploads\/2020\/04\/W\u00ebllefcher_rgb-700x700-1-150x150.png\" alt=\"\" width=\"100\" height=\"100\" srcset=\"https:\/\/www.lgsbartreng.lu\/wordpress\/wp-content\/uploads\/2020\/04\/W\u00ebllefcher_rgb-700x700-1-150x150.png 150w, https:\/\/www.lgsbartreng.lu\/wordpress\/wp-content\/uploads\/2020\/04\/W\u00ebllefcher_rgb-700x700-1-300x300.png 300w, https:\/\/www.lgsbartreng.lu\/wordpress\/wp-content\/uploads\/2020\/04\/W\u00ebllefcher_rgb-700x700-1.png 700w\" sizes=\"auto, (max-width: 100px) 100vw, 100px\" \/><\/a><a href=\"http:\/\/www.lgsbartreng.lu\/wordpress\/branchen\/avex\/\"><img loading=\"lazy\" decoding=\"async\" class=\"alignnone wp-image-3279\" title=\"AvEx (11 - 14 Joer)\" src=\"http:\/\/www.lgsbartreng.lu\/wordpress\/wp-content\/uploads\/2020\/04\/AvEx_rgb-700x700-1-150x150.png\" alt=\"\" width=\"100\" height=\"100\" srcset=\"https:\/\/www.lgsbartreng.lu\/wordpress\/wp-content\/uploads\/2020\/04\/AvEx_rgb-700x700-1-150x150.png 150w, https:\/\/www.lgsbartreng.lu\/wordpress\/wp-content\/uploads\/2020\/04\/AvEx_rgb-700x700-1-300x300.png 300w, https:\/\/www.lgsbartreng.lu\/wordpress\/wp-content\/uploads\/2020\/04\/AvEx_rgb-700x700-1.png 700w\" sizes=\"auto, (max-width: 100px) 100vw, 100px\" \/><\/a><a href=\"http:\/\/www.lgsbartreng.lu\/wordpress\/branchen\/carapio\/\"><img loading=\"lazy\" decoding=\"async\" class=\"alignnone wp-image-3278\" title=\"CaraPio (14 - 17 Joer)\" src=\"http:\/\/www.lgsbartreng.lu\/wordpress\/wp-content\/uploads\/2020\/04\/CaraPio_rgb-700x700-1-150x150.png\" alt=\"\" width=\"100\" height=\"100\" srcset=\"https:\/\/www.lgsbartreng.lu\/wordpress\/wp-content\/uploads\/2020\/04\/CaraPio_rgb-700x700-1-150x150.png 150w, https:\/\/www.lgsbartreng.lu\/wordpress\/wp-content\/uploads\/2020\/04\/CaraPio_rgb-700x700-1-300x300.png 300w, https:\/\/www.lgsbartreng.lu\/wordpress\/wp-content\/uploads\/2020\/04\/CaraPio_rgb-700x700-1.png 700w\" sizes=\"auto, (max-width: 100px) 100vw, 100px\" \/><\/a><a href=\"http:\/\/www.lgsbartreng.lu\/wordpress\/branchen\/raro\/\"><img loading=\"lazy\" decoding=\"async\" class=\"alignnone wp-image-3281\" title=\"RaRo (17 - 23 Joer)\" src=\"http:\/\/www.lgsbartreng.lu\/wordpress\/wp-content\/uploads\/2020\/04\/RaRo_rgb-700x700-1-150x150.png\" alt=\"\" width=\"100\" height=\"100\" srcset=\"https:\/\/www.lgsbartreng.lu\/wordpress\/wp-content\/uploads\/2020\/04\/RaRo_rgb-700x700-1-150x150.png 150w, https:\/\/www.lgsbartreng.lu\/wordpress\/wp-content\/uploads\/2020\/04\/RaRo_rgb-700x700-1-300x300.png 300w, https:\/\/www.lgsbartreng.lu\/wordpress\/wp-content\/uploads\/2020\/04\/RaRo_rgb-700x700-1.png 700w\" sizes=\"auto, (max-width: 100px) 100vw, 100px\" \/><\/a><a href=\"http:\/\/www.lgsbartreng.lu\/wordpress\/branchen\/albatrossen\/\"><img loading=\"lazy\" decoding=\"async\" class=\"alignnone wp-image-2148\" title=\"Albatrossen (ab 23 Joer)\" src=\"http:\/\/www.lgsbartreng.lu\/wordpress\/wp-content\/uploads\/2017\/05\/albatrossen-150x150.png\" alt=\"\" width=\"100\" height=\"100\" \/><\/a><\/p>\n<p style=\"text-align: center;\">\u00a0<\/p>\n<h3>Learning By Doing<\/h3>\n<p style=\"text-align: justify;\">D\u00e9i edukativ Aarbecht bas\u00e9iert op den Iddien an der Method vum Gr\u00ebnner Lord Robert Baden-Powell (kuerz BP). Dat praktescht Schaffen an d&#8217;Selwermaache sti virop. Esou kr\u00e9ien d&#8217;Kanner an d\u00e9i Jonk F\u00e4egkeeten a W\u00e4erter verm\u00ebttelt mam Zil, eng konstruktiv Roll an der Gesellschaft ze spillen.<\/p>\n<h3>Ask the boy \/ ask the girl<\/h3>\n<p style=\"text-align: justify;\">Progressiv Matbest\u00ebmmung g\u00ebtt bei eis grouss geschriwwen. D\u2019Kanner a Jugendlech decid\u00e9iere selwer, \u00ebnnerst\u00ebtzt duerch hir Cheftainen a Chef, wat si \u00ebnnerhuele w\u00ebllen. Et g\u00ebtt a klengen Equipe geschafft, wou jiddereen zu Wuert k\u00ebnnt. Esou l\u00e9iere si mat ze diskut\u00e9ieren, am Grupp mat Aneren zesummen ze schaffen an no an no Verantwortung fir Anerer ze iwwerhuelen. Et geschitt keng Bew\u00e4ertung an esou kann den Eenzelen ouni Leeschtungsdrock sech a sengem eegene Rhythmus entw\u00e9ckelen. D\u00e9i Jonk gi begleed vun erwuessenen a form\u00e9ierte Cheftainen Chef, d\u00e9i alleguer hir Aarbecht benevol duerchf\u00e9ieren.<\/p>\n<p style=\"text-align: right;\"><em>(Quell: lgs.lu)<\/em><\/p>\n<p style=\"text-align: center;\"><a href=\"http:\/\/www.lgs.lu\/\" target=\"_blank\" rel=\"noopener noreferrer\"><img loading=\"lazy\" decoding=\"async\" class=\"alignnone wp-image-533\" src=\"http:\/\/lgsbartreng.lu\/wordpress\/wp-content\/uploads\/2014\/11\/LGS_pos_ho-300x80.jpg\" alt=\"LGS_pos_ho\" width=\"299\" height=\"80\" srcset=\"https:\/\/www.lgsbartreng.lu\/wordpress\/wp-content\/uploads\/2014\/11\/LGS_pos_ho-300x80.jpg 300w, https:\/\/www.lgsbartreng.lu\/wordpress\/wp-content\/uploads\/2014\/11\/LGS_pos_ho.jpg 393w\" sizes=\"auto, (max-width: 299px) 100vw, 299px\" \/><\/a><\/p>\n<p style=\"text-align: center;\"><a href=\"https:\/\/www.scout.org\/\" target=\"_blank\" rel=\"noopener noreferrer\"><img loading=\"lazy\" decoding=\"async\" class=\"alignnone wp-image-1551\" title=\"Member vun der World Organization of the Scout Movement (WOSM)\" src=\"http:\/\/www.lgsbartreng.lu\/wordpress\/wp-content\/uploads\/2014\/10\/wosm-150x150.png\" alt=\"wosm\" width=\"80\" height=\"80\" srcset=\"https:\/\/www.lgsbartreng.lu\/wordpress\/wp-content\/uploads\/2014\/10\/wosm-150x150.png 150w, https:\/\/www.lgsbartreng.lu\/wordpress\/wp-content\/uploads\/2014\/10\/wosm-300x300.png 300w, https:\/\/www.lgsbartreng.lu\/wordpress\/wp-content\/uploads\/2014\/10\/wosm.png 400w\" sizes=\"auto, (max-width: 80px) 100vw, 80px\" \/><\/a><a href=\"https:\/\/www.wagggs.org\/\" target=\"_blank\" rel=\"noopener noreferrer\"><img loading=\"lazy\" decoding=\"async\" class=\"alignnone wp-image-1550\" title=\"Member vun der World Association of Girl Guides and Girl Scouts (WAGGGS)\" src=\"http:\/\/lgsbartreng.lu\/wordpress\/wp-content\/uploads\/2014\/10\/wagggs-300x300.png\" alt=\"wagggs\" width=\"80\" height=\"80\" srcset=\"https:\/\/www.lgsbartreng.lu\/wordpress\/wp-content\/uploads\/2014\/10\/wagggs-300x300.png 300w, https:\/\/www.lgsbartreng.lu\/wordpress\/wp-content\/uploads\/2014\/10\/wagggs-150x150.png 150w, https:\/\/www.lgsbartreng.lu\/wordpress\/wp-content\/uploads\/2014\/10\/wagggs.png 646w\" sizes=\"auto, (max-width: 80px) 100vw, 80px\" \/><\/a><a href=\"http:\/\/www.sil.lu\" target=\"_blank\" rel=\"noopener noreferrer\"><img loading=\"lazy\" decoding=\"async\" class=\"alignnone wp-image-3375\" src=\"http:\/\/www.lgsbartreng.lu\/wordpress\/wp-content\/uploads\/2020\/05\/SIL-300x113.png\" alt=\"\" width=\"213\" height=\"80\" srcset=\"https:\/\/www.lgsbartreng.lu\/wordpress\/wp-content\/uploads\/2020\/05\/SIL-300x113.png 300w, https:\/\/www.lgsbartreng.lu\/wordpress\/wp-content\/uploads\/2020\/05\/SIL.png 533w\" sizes=\"auto, (max-width: 213px) 100vw, 213px\" \/><\/a><\/p>\n\n\n<p><\/p>\n<div class=\"fcbkbttn_buttons_block\" id=\"fcbkbttn_left\"><div class=\"fcbkbttn_button\">\n\t\t\t\t\t<a href=\"https:\/\/www.facebook.com\/lgsbartreng\" target=\"_blank\">\n\t\t\t\t\t\t<img decoding=\"async\" src=\"\" alt=\"Fb-Button\" \/>\n\t\t\t\t\t<\/a>\n\t\t\t\t<\/div><div class=\"fcbkbttn_like \"><fb:like href=\"https:\/\/www.lgsbartreng.lu\/wordpress\/branchen\/\" action=\"like\" colorscheme=\"light\" layout=\"button\"  size=\"small\"><\/fb:like><\/div><div class=\"fb-share-button  \" data-href=\"https:\/\/www.lgsbartreng.lu\/wordpress\/branchen\/\" data-type=\"button\" data-size=\"small\"><\/div><\/div>","protected":false},"excerpt":{"rendered":"<p>Bartrenger Guiden a Scouten D\u2019Bartrenger Guiden a Scouten geh\u00e9ieren zum Verband vun de L\u00ebtzebuerger Guiden a Scouten (kuerz: LGS). D&#8217;LGS ass en erz\u00e9ieresche Jugendmouvement, deen op ass fir jiddereen. Mir bidden de Kanner a Jugendlechen eng ganz Rei flott an&#8230;<br \/><a class=\"read-more-button\" href=\"https:\/\/www.lgsbartreng.lu\/wordpress\/branchen\/\">Mehr Lesen<\/a><\/p>\n","protected":false},"author":1,"featured_media":0,"parent":0,"menu_order":0,"comment_status":"closed","ping_status":"closed","template":"","meta":{"jetpack_post_was_ever_published":false,"footnotes":""},"class_list":["post-109","page","type-page","status-publish","hentry"],"jetpack_sharing_enabled":true,"jetpack_shortlink":"https:\/\/wp.me\/P8GwUP-1L","post_mailing_queue_ids":[],"_links":{"self":[{"href":"https:\/\/www.lgsbartreng.lu\/wordpress\/wp-json\/wp\/v2\/pages\/109","targetHints":{"allow":["GET"]}}],"collection":[{"href":"https:\/\/www.lgsbartreng.lu\/wordpress\/wp-json\/wp\/v2\/pages"}],"about":[{"href":"https:\/\/www.lgsbartreng.lu\/wordpress\/wp-json\/wp\/v2\/types\/page"}],"author":[{"embeddable":true,"href":"https:\/\/www.lgsbartreng.lu\/wordpress\/wp-json\/wp\/v2\/users\/1"}],"replies":[{"embeddable":true,"href":"https:\/\/www.lgsbartreng.lu\/wordpress\/wp-json\/wp\/v2\/comments?post=109"}],"version-history":[{"count":20,"href":"https:\/\/www.lgsbartreng.lu\/wordpress\/wp-json\/wp\/v2\/pages\/109\/revisions"}],"predecessor-version":[{"id":3385,"href":"https:\/\/www.lgsbartreng.lu\/wordpress\/wp-json\/wp\/v2\/pages\/109\/revisions\/3385"}],"wp:attachment":[{"href":"https:\/\/www.lgsbartreng.lu\/wordpress\/wp-json\/wp\/v2\/media?parent=109"}],"curies":[{"name":"wp","href":"https:\/\/api.w.org\/{rel}","templated":true}]}}