{"id":143,"date":"2014-11-02T00:18:39","date_gmt":"2014-11-01T23:18:39","guid":{"rendered":"http:\/\/lgsbartreng.lu\/wordpress\/?page_id=143"},"modified":"2017-08-01T11:20:24","modified_gmt":"2017-08-01T09:20:24","slug":"chefsait","status":"publish","type":"page","link":"https:\/\/www.lgsbartreng.lu\/wordpress\/chefsait\/","title":{"rendered":"Chefs\u00e4it"},"content":{"rendered":"<p style=\"text-align: justify;\">Vun lgsbartreng.lu e ganz d\u00e9cke Merci un all eis b\u00e9n\u00e9vol Cheftainen a Chef!<\/p>\n<p style=\"text-align: justify;\"><img loading=\"lazy\" decoding=\"async\" class=\"alignleft wp-image-1927 size-thumbnail\" src=\"http:\/\/www.lgsbartreng.lu\/wordpress\/wp-content\/uploads\/2014\/11\/members-only-e1447416460925-150x150.jpg\" alt=\"\" width=\"150\" height=\"150\" srcset=\"https:\/\/www.lgsbartreng.lu\/wordpress\/wp-content\/uploads\/2014\/11\/members-only-e1447416460925-150x150.jpg 150w, https:\/\/www.lgsbartreng.lu\/wordpress\/wp-content\/uploads\/2014\/11\/members-only-e1447416460925-300x300.jpg 300w, https:\/\/www.lgsbartreng.lu\/wordpress\/wp-content\/uploads\/2014\/11\/members-only-e1447416460925.jpg 423w\" sizes=\"auto, (max-width: 150px) 100vw, 150px\" \/>E Merci fir d\u00e4i Schweess, deng geaffert Box, deng net gel\u00e9iert Pr\u00fcfungen, d\u00e4in Net-Shoppe Samschdes m\u00ebttes zu Tr\u00e9ier, d\u00e4i coolt Spill um Camp, \u00e4r legend\u00e4r Veill\u00e9e um Weekend, deng Z\u00e4it, d\u00e4i finanziellen Apport, deng Loscht, deng Motivatioun, deng Ausdauer, deng Laun, \u2026 fir ENG Saach: d\u00e4in Engagement als Chef an \/ oder als Guide a Scout.<\/p>\n<p style=\"text-align: justify;\">De Merci fir d\u00ebsen Asaz: e Kannerlaachen, eng w\u00ebll Band, en onvergiessleche Camp, Kleeder, d\u00e9i no Feier richen, Jonker, d\u00e9i och w\u00eblle Chef ginn, kee Frang derfir, Str\u00e4it mam Buergermeeschter oder Elteren, e gebrachene Fanger, eng T\u00e9itsch am Auto, Pakalu, Banann mat Schockela, e Liewe voller Er\u00ebnnerungen, \u2026 .<\/p>\n<p style=\"text-align: justify;\">All dat Positiivt iwwerweit wuel!<img loading=\"lazy\" decoding=\"async\" class=\"alignright wp-image-938 size-thumbnail\" src=\"http:\/\/lgsbartreng.lu\/wordpress\/wp-content\/uploads\/2015\/07\/QR-Code-BGS-150x150.png\" alt=\"QR Code BGS\" width=\"150\" height=\"150\" srcset=\"https:\/\/www.lgsbartreng.lu\/wordpress\/wp-content\/uploads\/2015\/07\/QR-Code-BGS-150x150.png 150w, https:\/\/www.lgsbartreng.lu\/wordpress\/wp-content\/uploads\/2015\/07\/QR-Code-BGS-300x300.png 300w, https:\/\/www.lgsbartreng.lu\/wordpress\/wp-content\/uploads\/2015\/07\/QR-Code-BGS.png 330w\" sizes=\"auto, (max-width: 150px) 100vw, 150px\" \/><\/p>\n<p style=\"text-align: justify;\">&#8222;Mir w\u00eblle kee Loun et ass OK&#8220;, sou g\u00ebtt am Lidd gesongen.<\/p>\n<p style=\"text-align: justify;\">An awer: e Merci kascht n\u00e4ischt, m\u00e4 ass net selbstverst\u00e4ndlech.<\/p>\n<p style=\"text-align: justify;\">MERCI!<\/p>\n<p style=\"text-align: right;\"><em>(Quell: lgs.lu)<\/em><\/p>\n<p style=\"text-align: center;\">\u00a0<a title=\"BGS owncloud\" href=\"https:\/\/ssl-account.com\/cloud.lgsbartreng.lu\/index.php\" target=\"_blank\" rel=\"https:\/\/ssl-account.com\/cloud.lgsbartreng.lu\/index.php noopener noreferrer\"><img loading=\"lazy\" decoding=\"async\" class=\"alignnone wp-image-390\" src=\"http:\/\/lgsbartreng.lu\/wordpress\/wp-content\/uploads\/2014\/11\/owncloud-300x158.jpg\" alt=\"BGS ownCloud\" width=\"190\" height=\"100\" srcset=\"https:\/\/www.lgsbartreng.lu\/wordpress\/wp-content\/uploads\/2014\/11\/owncloud-300x158.jpg 300w, https:\/\/www.lgsbartreng.lu\/wordpress\/wp-content\/uploads\/2014\/11\/owncloud.jpg 343w\" sizes=\"auto, (max-width: 190px) 100vw, 190px\" \/><\/a>\u00a0<a title=\"LGS login\" href=\"http:\/\/chefbox.lgs.lu\/wp-login.php\" target=\"_blank\" rel=\"LGS login noopener noreferrer\"><img loading=\"lazy\" decoding=\"async\" class=\"alignnone wp-image-534\" src=\"http:\/\/lgsbartreng.lu\/wordpress\/wp-content\/uploads\/2014\/11\/LGS_pos_ve.jpg\" alt=\"LGS login\" width=\"109\" height=\"100\" \/><\/a>\u00a0<a href=\"http:\/\/chalets.youth.lu\/\" target=\"_blank\" rel=\"noopener noreferrer\"><img loading=\"lazy\" decoding=\"async\" class=\"alignnone wp-image-2126 size-full\" src=\"http:\/\/www.lgsbartreng.lu\/wordpress\/wp-content\/uploads\/2014\/11\/chalets.png\" alt=\"\" width=\"209\" height=\"103\" \/><\/a><\/p>\n<p style=\"text-align: center;\">weider Links op eiser Homepage:\u00a0<strong><a href=\"http:\/\/www.lgsbartreng.lu\/wordpress\/links\/\">klick hei<\/a><\/strong><\/p>\n<div class=\"fcbkbttn_buttons_block\" id=\"fcbkbttn_left\"><div class=\"fcbkbttn_button\">\n\t\t\t\t\t<a href=\"https:\/\/www.facebook.com\/lgsbartreng\" target=\"_blank\">\n\t\t\t\t\t\t<img decoding=\"async\" src=\"\" alt=\"Fb-Button\" \/>\n\t\t\t\t\t<\/a>\n\t\t\t\t<\/div><div class=\"fcbkbttn_like \"><fb:like href=\"https:\/\/www.lgsbartreng.lu\/wordpress\/chefsait\/\" action=\"like\" colorscheme=\"light\" layout=\"button\"  size=\"small\"><\/fb:like><\/div><div class=\"fb-share-button  \" data-href=\"https:\/\/www.lgsbartreng.lu\/wordpress\/chefsait\/\" data-type=\"button\" data-size=\"small\"><\/div><\/div>","protected":false},"excerpt":{"rendered":"<p>Vun lgsbartreng.lu e ganz d\u00e9cke Merci un all eis b\u00e9n\u00e9vol Cheftainen a Chef! E Merci fir d\u00e4i Schweess, deng geaffert Box, deng net gel\u00e9iert Pr\u00fcfungen, d\u00e4in Net-Shoppe Samschdes m\u00ebttes zu Tr\u00e9ier, d\u00e4i coolt Spill um Camp, \u00e4r legend\u00e4r Veill\u00e9e um&#8230;<br \/><a class=\"read-more-button\" href=\"https:\/\/www.lgsbartreng.lu\/wordpress\/chefsait\/\">Mehr Lesen<\/a><\/p>\n","protected":false},"author":1,"featured_media":0,"parent":0,"menu_order":0,"comment_status":"closed","ping_status":"closed","template":"","meta":{"jetpack_post_was_ever_published":false,"footnotes":""},"class_list":["post-143","page","type-page","status-publish","hentry"],"jetpack_sharing_enabled":true,"jetpack_shortlink":"https:\/\/wp.me\/P8GwUP-2j","post_mailing_queue_ids":[],"_links":{"self":[{"href":"https:\/\/www.lgsbartreng.lu\/wordpress\/wp-json\/wp\/v2\/pages\/143","targetHints":{"allow":["GET"]}}],"collection":[{"href":"https:\/\/www.lgsbartreng.lu\/wordpress\/wp-json\/wp\/v2\/pages"}],"about":[{"href":"https:\/\/www.lgsbartreng.lu\/wordpress\/wp-json\/wp\/v2\/types\/page"}],"author":[{"embeddable":true,"href":"https:\/\/www.lgsbartreng.lu\/wordpress\/wp-json\/wp\/v2\/users\/1"}],"replies":[{"embeddable":true,"href":"https:\/\/www.lgsbartreng.lu\/wordpress\/wp-json\/wp\/v2\/comments?post=143"}],"version-history":[{"count":43,"href":"https:\/\/www.lgsbartreng.lu\/wordpress\/wp-json\/wp\/v2\/pages\/143\/revisions"}],"predecessor-version":[{"id":2369,"href":"https:\/\/www.lgsbartreng.lu\/wordpress\/wp-json\/wp\/v2\/pages\/143\/revisions\/2369"}],"wp:attachment":[{"href":"https:\/\/www.lgsbartreng.lu\/wordpress\/wp-json\/wp\/v2\/media?parent=143"}],"curies":[{"name":"wp","href":"https:\/\/api.w.org\/{rel}","templated":true}]}}