{"id":172,"date":"2014-11-02T18:18:22","date_gmt":"2014-11-02T17:18:22","guid":{"rendered":"http:\/\/lgsbartreng.lu\/wordpress\/?page_id=172"},"modified":"2020-08-09T11:49:04","modified_gmt":"2020-08-09T09:49:04","slug":"techniken","status":"publish","type":"page","link":"https:\/\/www.lgsbartreng.lu\/wordpress\/techniken\/","title":{"rendered":"#ScoutenDoheem"},"content":{"rendered":"\n<p>Hei f\u00ebnns du e puer Aktivit\u00e9iten, d\u00e9i&#8217;s du als Guide oder Scout doheem kanns maachen!<\/p>\n\n\n\n<div class=\"wp-block-image is-style-rounded\"><figure class=\"aligncenter size-medium\"><a href=\"http:\/\/www.lgsbartreng.lu\/wordpress\/techniken\/kniet\/\"><img loading=\"lazy\" decoding=\"async\" width=\"300\" height=\"200\" src=\"http:\/\/www.lgsbartreng.lu\/wordpress\/wp-content\/uploads\/2014\/11\/551908_138551459620177_381247603_n-300x200.jpg\" alt=\"\" class=\"wp-image-458\" srcset=\"https:\/\/www.lgsbartreng.lu\/wordpress\/wp-content\/uploads\/2014\/11\/551908_138551459620177_381247603_n-300x200.jpg 300w, https:\/\/www.lgsbartreng.lu\/wordpress\/wp-content\/uploads\/2014\/11\/551908_138551459620177_381247603_n.jpg 810w\" sizes=\"auto, (max-width: 300px) 100vw, 300px\" \/><\/a><figcaption>D\u00e9i wichtegst Kniet<\/figcaption><\/figure><\/div>\n\n\n\n<div class=\"wp-block-image is-style-rounded\"><figure class=\"aligncenter size-medium is-resized\"><a href=\"http:\/\/lgsbartreng.lu\/wordpress\/techniken\/morse\/\"><img decoding=\"async\" src=\"http:\/\/www.lgsbartreng.lu\/wordpress\/wp-content\/uploads\/2020\/04\/morse-code-300x161.jpg\" alt=\"\" class=\"wp-image-3293\" height=\"200\" srcset=\"https:\/\/www.lgsbartreng.lu\/wordpress\/wp-content\/uploads\/2020\/04\/morse-code-300x161.jpg 300w, https:\/\/www.lgsbartreng.lu\/wordpress\/wp-content\/uploads\/2020\/04\/morse-code-768x413.jpg 768w, https:\/\/www.lgsbartreng.lu\/wordpress\/wp-content\/uploads\/2020\/04\/morse-code.jpg 907w\" sizes=\"(max-width: 300px) 100vw, 300px\" \/><\/a><figcaption>Morse Coden<\/figcaption><\/figure><\/div>\n\n\n\n<div class=\"wp-block-image is-style-rounded\"><figure class=\"aligncenter size-large is-resized\"><a href=\"http:\/\/lgsbartreng.lu\/wordpress\/techniken\/feier\/\"><img decoding=\"async\" src=\"http:\/\/www.lgsbartreng.lu\/wordpress\/wp-content\/uploads\/2015\/01\/Arkasit-g\u00e9int-Silex-e1421092952920.jpg\" alt=\"Markasit g\u00e9int Silex\" class=\"wp-image-631\" height=\"200\"\/><\/a><figcaption>Methode fir Feier ze man<\/figcaption><\/figure><\/div>\n\n\n\n<div class=\"wp-block-image is-style-rounded\"><figure class=\"aligncenter size-medium is-resized\"><a href=\"http:\/\/www.lgsbartreng.lu\/wordpress\/techniken\/kachen\/\"><img decoding=\"async\" src=\"http:\/\/www.lgsbartreng.lu\/wordpress\/wp-content\/uploads\/2015\/01\/Spiissercher-300x201.jpg\" alt=\"Spiissercher\" class=\"wp-image-644\" height=\"200\"\/><\/a><figcaption>Kachen um oppene Feier<\/figcaption><\/figure><\/div>\n\n\n\n<div class=\"wp-block-image is-style-rounded\"><figure class=\"aligncenter size-medium is-resized\"><a href=\"http:\/\/www.lgsbartreng.lu\/wordpress\/techniken\/scoutendoheem-pakalu\/\"><img decoding=\"async\" src=\"http:\/\/www.lgsbartreng.lu\/wordpress\/wp-content\/uploads\/2020\/05\/94727025_1717973418344632_7397640821543010304_n-225x300.jpg\" alt=\"\" class=\"wp-image-3319\" width=\"200\" srcset=\"https:\/\/www.lgsbartreng.lu\/wordpress\/wp-content\/uploads\/2020\/05\/94727025_1717973418344632_7397640821543010304_n-225x300.jpg 225w, https:\/\/www.lgsbartreng.lu\/wordpress\/wp-content\/uploads\/2020\/05\/94727025_1717973418344632_7397640821543010304_n.jpg 720w\" sizes=\"(max-width: 225px) 100vw, 225px\" \/><\/a><figcaption>W\u00e9i maachen ech e Pakalu?<\/figcaption><\/figure><\/div>\n\n\n\n<div class=\"wp-block-image is-style-rounded\"><figure class=\"aligncenter size-medium is-resized\"><a href=\"http:\/\/www.lgsbartreng.lu\/wordpress\/techniken\/meekranz\/\"><img decoding=\"async\" src=\"http:\/\/www.lgsbartreng.lu\/wordpress\/wp-content\/uploads\/2020\/05\/95091769_1721884031286904_4486415141096652800_o-300x225.jpg\" alt=\"\" class=\"wp-image-3342\" height=\"200\" srcset=\"https:\/\/www.lgsbartreng.lu\/wordpress\/wp-content\/uploads\/2020\/05\/95091769_1721884031286904_4486415141096652800_o-300x225.jpg 300w, https:\/\/www.lgsbartreng.lu\/wordpress\/wp-content\/uploads\/2020\/05\/95091769_1721884031286904_4486415141096652800_o-768x576.jpg 768w, https:\/\/www.lgsbartreng.lu\/wordpress\/wp-content\/uploads\/2020\/05\/95091769_1721884031286904_4486415141096652800_o-972x729.jpg 972w, https:\/\/www.lgsbartreng.lu\/wordpress\/wp-content\/uploads\/2020\/05\/95091769_1721884031286904_4486415141096652800_o.jpg 1024w\" sizes=\"(max-width: 300px) 100vw, 300px\" \/><\/a><figcaption>W\u00e9i maachen ech e Meekranz?<\/figcaption><\/figure><\/div>\n\n\n\n<div class=\"wp-block-image is-style-rounded\"><figure class=\"aligncenter size-medium\"><a href=\"http:\/\/www.lgsbartreng.lu\/wordpress\/wp-content\/uploads\/2020\/05\/Uniform.pdf\" target=\"_blank\" rel=\"noopener noreferrer\"><img loading=\"lazy\" decoding=\"async\" width=\"300\" height=\"203\" src=\"http:\/\/www.lgsbartreng.lu\/wordpress\/wp-content\/uploads\/2020\/05\/L\u00ebtzebuerger_Guiden_a_Scouten_uniform-300x203.jpg\" alt=\"\" class=\"wp-image-3357\" srcset=\"https:\/\/www.lgsbartreng.lu\/wordpress\/wp-content\/uploads\/2020\/05\/L\u00ebtzebuerger_Guiden_a_Scouten_uniform-300x203.jpg 300w, https:\/\/www.lgsbartreng.lu\/wordpress\/wp-content\/uploads\/2020\/05\/L\u00ebtzebuerger_Guiden_a_Scouten_uniform-1024x693.jpg 1024w, https:\/\/www.lgsbartreng.lu\/wordpress\/wp-content\/uploads\/2020\/05\/L\u00ebtzebuerger_Guiden_a_Scouten_uniform-768x520.jpg 768w, https:\/\/www.lgsbartreng.lu\/wordpress\/wp-content\/uploads\/2020\/05\/L\u00ebtzebuerger_Guiden_a_Scouten_uniform-972x658.jpg 972w, https:\/\/www.lgsbartreng.lu\/wordpress\/wp-content\/uploads\/2020\/05\/L\u00ebtzebuerger_Guiden_a_Scouten_uniform.jpg 1417w\" sizes=\"auto, (max-width: 300px) 100vw, 300px\" \/><\/a><figcaption>W\u00e9i soll meng Uniform ausgesinn?<\/figcaption><\/figure><\/div>\n\n\n\n<div class=\"wp-block-image is-style-rounded\"><figure class=\"aligncenter size-medium is-resized\"><a href=\"http:\/\/www.lgsbartreng.lu\/wordpress\/wp-content\/uploads\/2020\/05\/Badger-scaled.jpg\" target=\"_blank\" rel=\"noopener noreferrer\"><img decoding=\"async\" src=\"http:\/\/www.lgsbartreng.lu\/wordpress\/wp-content\/uploads\/2020\/05\/Badger-300x212.jpg\" alt=\"\" class=\"wp-image-3358\" height=\"200\" srcset=\"https:\/\/www.lgsbartreng.lu\/wordpress\/wp-content\/uploads\/2020\/05\/Badger-300x212.jpg 300w, https:\/\/www.lgsbartreng.lu\/wordpress\/wp-content\/uploads\/2020\/05\/Badger-1024x724.jpg 1024w, https:\/\/www.lgsbartreng.lu\/wordpress\/wp-content\/uploads\/2020\/05\/Badger-768x543.jpg 768w, https:\/\/www.lgsbartreng.lu\/wordpress\/wp-content\/uploads\/2020\/05\/Badger-1536x1086.jpg 1536w, https:\/\/www.lgsbartreng.lu\/wordpress\/wp-content\/uploads\/2020\/05\/Badger-2048x1448.jpg 2048w, https:\/\/www.lgsbartreng.lu\/wordpress\/wp-content\/uploads\/2020\/05\/Badger-972x687.jpg 972w\" sizes=\"(max-width: 300px) 100vw, 300px\" \/><\/a><figcaption>W\u00e9i bitzen ech e Badge op meng Uniform?<br><\/figcaption><\/figure><\/div>\n\n\n\n<div class=\"wp-block-image is-style-rounded\"><figure class=\"aligncenter size-medium is-resized\"><a href=\"http:\/\/www.lgsbartreng.lu\/wordpress\/wp-content\/uploads\/2014\/11\/Geschicht-LGS.pdf\" target=\"_blank\" rel=\"noopener noreferrer\"><img loading=\"lazy\" decoding=\"async\" src=\"http:\/\/www.lgsbartreng.lu\/wordpress\/wp-content\/uploads\/2014\/11\/logo-300x289.png\" alt=\"\" class=\"wp-image-535\" width=\"200\" height=\"200\"\/><\/a><figcaption>Geschicht vun de<br>L\u00ebtzebuerger Guiden a Scouten<\/figcaption><\/figure><\/div>\n\n\n\n<div class=\"wp-block-image is-style-rounded\"><figure class=\"aligncenter size-medium is-resized\"><a href=\"http:\/\/www.lgsbartreng.lu\/wordpress\/wp-content\/uploads\/2014\/11\/Scoutsgesetz.pdf\" target=\"_blank\" rel=\"noopener noreferrer\"><img decoding=\"async\" src=\"http:\/\/www.lgsbartreng.lu\/wordpress\/wp-content\/uploads\/2016\/07\/logo-1-Foulard-300x300.png\" alt=\"\" class=\"wp-image-1653\" height=\"200\" srcset=\"https:\/\/www.lgsbartreng.lu\/wordpress\/wp-content\/uploads\/2016\/07\/logo-1-Foulard-300x300.png 300w, https:\/\/www.lgsbartreng.lu\/wordpress\/wp-content\/uploads\/2016\/07\/logo-1-Foulard-150x150.png 150w, https:\/\/www.lgsbartreng.lu\/wordpress\/wp-content\/uploads\/2016\/07\/logo-1-Foulard.png 600w\" sizes=\"(max-width: 300px) 100vw, 300px\" \/><\/a><figcaption>Guiden- a Scoutsgesetz<\/figcaption><\/figure><\/div>\n\n\n\n<div class=\"wp-block-image is-style-rounded\"><figure class=\"aligncenter size-medium is-resized\"><a href=\"http:\/\/www.lgsbartreng.lu\/wordpress\/wp-content\/uploads\/2014\/10\/BP.pdf\" target=\"_blank\" rel=\"noopener noreferrer\"><img loading=\"lazy\" decoding=\"async\" src=\"http:\/\/www.lgsbartreng.lu\/wordpress\/wp-content\/uploads\/2020\/05\/BP-209x300.jpg\" alt=\"\" class=\"wp-image-3353\" width=\"200\" height=\"300\"\/><\/a><figcaption>Robert Baden Powell<br>Lord of Gilwell<\/figcaption><\/figure><\/div>\n\n\n\n<p>Op der Homepage vun de L\u00ebtzebuerger Guiden a Scouten f\u00ebnns du nach aneres zum Thema #ScoutenDoheem: <a rel=\"noreferrer noopener\" href=\"https:\/\/lgs.lu\/homescouting\/aktiviteiten\/\" target=\"_blank\">www.lgs.lu<\/a><\/p>\n<div class=\"fcbkbttn_buttons_block\" id=\"fcbkbttn_left\"><div class=\"fcbkbttn_button\">\n\t\t\t\t\t<a href=\"https:\/\/www.facebook.com\/lgsbartreng\" target=\"_blank\">\n\t\t\t\t\t\t<img decoding=\"async\" src=\"\" alt=\"Fb-Button\" \/>\n\t\t\t\t\t<\/a>\n\t\t\t\t<\/div><div class=\"fcbkbttn_like \"><fb:like href=\"https:\/\/www.lgsbartreng.lu\/wordpress\/techniken\/\" action=\"like\" colorscheme=\"light\" layout=\"button\"  size=\"small\"><\/fb:like><\/div><div class=\"fb-share-button  \" data-href=\"https:\/\/www.lgsbartreng.lu\/wordpress\/techniken\/\" data-type=\"button\" data-size=\"small\"><\/div><\/div>","protected":false},"excerpt":{"rendered":"<p>Hei f\u00ebnns du e puer Aktivit\u00e9iten, d\u00e9i&#8217;s du als Guide oder Scout doheem kanns maachen! Op der Homepage vun de L\u00ebtzebuerger Guiden a Scouten f\u00ebnns du nach aneres zum Thema #ScoutenDoheem: www.lgs.lu<\/p>\n","protected":false},"author":1,"featured_media":0,"parent":0,"menu_order":0,"comment_status":"closed","ping_status":"closed","template":"","meta":{"footnotes":""},"class_list":["post-172","page","type-page","status-publish","hentry"],"jetpack_sharing_enabled":true,"jetpack_shortlink":"https:\/\/wp.me\/P8GwUP-2M","post_mailing_queue_ids":[],"_links":{"self":[{"href":"https:\/\/www.lgsbartreng.lu\/wordpress\/wp-json\/wp\/v2\/pages\/172","targetHints":{"allow":["GET"]}}],"collection":[{"href":"https:\/\/www.lgsbartreng.lu\/wordpress\/wp-json\/wp\/v2\/pages"}],"about":[{"href":"https:\/\/www.lgsbartreng.lu\/wordpress\/wp-json\/wp\/v2\/types\/page"}],"author":[{"embeddable":true,"href":"https:\/\/www.lgsbartreng.lu\/wordpress\/wp-json\/wp\/v2\/users\/1"}],"replies":[{"embeddable":true,"href":"https:\/\/www.lgsbartreng.lu\/wordpress\/wp-json\/wp\/v2\/comments?post=172"}],"version-history":[{"count":63,"href":"https:\/\/www.lgsbartreng.lu\/wordpress\/wp-json\/wp\/v2\/pages\/172\/revisions"}],"predecessor-version":[{"id":3445,"href":"https:\/\/www.lgsbartreng.lu\/wordpress\/wp-json\/wp\/v2\/pages\/172\/revisions\/3445"}],"wp:attachment":[{"href":"https:\/\/www.lgsbartreng.lu\/wordpress\/wp-json\/wp\/v2\/media?parent=172"}],"curies":[{"name":"wp","href":"https:\/\/api.w.org\/{rel}","templated":true}]}}