{"id":212,"date":"2014-11-02T20:16:30","date_gmt":"2014-11-02T19:16:30","guid":{"rendered":"http:\/\/lgsbartreng.lu\/wordpress\/?page_id=212"},"modified":"2016-07-25T14:57:08","modified_gmt":"2016-07-25T12:57:08","slug":"kniet","status":"publish","type":"page","link":"https:\/\/www.lgsbartreng.lu\/wordpress\/techniken\/kniet\/","title":{"rendered":"D\u00e9i wichtegst Kniet"},"content":{"rendered":"<p>Kniet brauch een als Guide oder Scout, virun allem, fir Konstruktiounen. Am Ufank vun de meeschten Konstruktiounen brauch een en Tr\u00e9pied.<\/p>\n<p>D\u00e9i 3 Holzstaangen ginn niewenteneen, am beschten op eng 4t, drop geluecht. Mat engem Brelageseel g\u00ebtt als \u00e9ischt eng Aachterschleng ronder\u00ebm d\u00e9i m\u00ebttelst Staang geluecht. Hei f\u00ebnns du 2 Methoden:<\/p>\n<p style=\"text-align: center;\"><img loading=\"lazy\" decoding=\"async\" class=\"alignnone wp-image-873\" src=\"http:\/\/lgsbartreng.lu\/wordpress\/wp-content\/uploads\/2014\/11\/Aacterschleng-1.gif\" alt=\"Aacterschleng 1\" width=\"192\" height=\"200\" \/>\u00a0\u00a0<img loading=\"lazy\" decoding=\"async\" class=\"alignnone wp-image-874\" src=\"http:\/\/lgsbartreng.lu\/wordpress\/wp-content\/uploads\/2014\/11\/Aachterschleng-2.gif\" alt=\"Aachterschleng 2\" width=\"238\" height=\"200\" \/><\/p>\n<p>Duerno maache mir de Brelage a riichten duerno op:<\/p>\n<p><img loading=\"lazy\" decoding=\"async\" class=\" wp-image-997 size-full aligncenter\" src=\"http:\/\/lgsbartreng.lu\/wordpress\/wp-content\/uploads\/2014\/11\/2015-08-18-10-27-08_Document1-Microsoft-Word.jpg\" alt=\"\" width=\"873\" height=\"289\" srcset=\"https:\/\/www.lgsbartreng.lu\/wordpress\/wp-content\/uploads\/2014\/11\/2015-08-18-10-27-08_Document1-Microsoft-Word.jpg 873w, https:\/\/www.lgsbartreng.lu\/wordpress\/wp-content\/uploads\/2014\/11\/2015-08-18-10-27-08_Document1-Microsoft-Word-300x99.jpg 300w\" sizes=\"auto, (max-width: 873px) 100vw, 873px\" \/><\/p>\n<p><img loading=\"lazy\" decoding=\"async\" class=\"aligncenter wp-image-458 size-full\" src=\"http:\/\/lgsbartreng.lu\/wordpress\/wp-content\/uploads\/2014\/11\/551908_138551459620177_381247603_n.jpg\" alt=\"\" width=\"810\" height=\"540\" srcset=\"https:\/\/www.lgsbartreng.lu\/wordpress\/wp-content\/uploads\/2014\/11\/551908_138551459620177_381247603_n.jpg 810w, https:\/\/www.lgsbartreng.lu\/wordpress\/wp-content\/uploads\/2014\/11\/551908_138551459620177_381247603_n-300x200.jpg 300w\" sizes=\"auto, (max-width: 810px) 100vw, 810px\" \/><\/p>\n<p>&nbsp;<\/p>\n<p>Hei \u00ebnnendr\u00ebnner f\u00ebnns du nach e puer Kniet, d\u00e9i d\u00ebs \u00f6fteren an de Guiden a Scouten gebraucht ginn:<\/p>\n<p><img loading=\"lazy\" decoding=\"async\" class=\"size-full wp-image-216\" src=\"http:\/\/lgsbartreng.lu\/wordpress\/wp-content\/uploads\/2014\/11\/Iwerhandknuet.gif\" alt=\"Iwerhandknuet\" width=\"200\" height=\"160\" \/><\/p>\n<p>Iwerhandknuet<\/p>\n<div id=\"attachment_213\" style=\"width: 170px\" class=\"wp-caption alignright\"><img loading=\"lazy\" decoding=\"async\" aria-describedby=\"caption-attachment-213\" class=\"size-full wp-image-213\" src=\"http:\/\/lgsbartreng.lu\/wordpress\/wp-content\/uploads\/2014\/11\/Aachterknuet.gif\" alt=\"Aachterschleng\" width=\"160\" height=\"200\" \/><p id=\"caption-attachment-213\" class=\"wp-caption-text\">Aachterknuet<\/p><\/div>\n<div id=\"attachment_460\" style=\"width: 310px\" class=\"wp-caption alignnone\"><img loading=\"lazy\" decoding=\"async\" aria-describedby=\"caption-attachment-460\" class=\"wp-image-460 size-medium\" src=\"http:\/\/lgsbartreng.lu\/wordpress\/wp-content\/uploads\/2014\/11\/Kr\u00e4izknuet-300x278.gif\" alt=\"\" width=\"300\" height=\"278\" \/><p id=\"caption-attachment-460\" class=\"wp-caption-text\">Platte Knuet oder Kr\u00e4izknuet<\/p><\/div>\n<div id=\"attachment_215\" style=\"width: 310px\" class=\"wp-caption alignright\"><img loading=\"lazy\" decoding=\"async\" aria-describedby=\"caption-attachment-215\" class=\"size-full wp-image-215\" src=\"http:\/\/lgsbartreng.lu\/wordpress\/wp-content\/uploads\/2014\/11\/F\u00ebscherknuet.gif\" alt=\"F\u00ebscherknuet\" width=\"300\" height=\"160\" \/><p id=\"caption-attachment-215\" class=\"wp-caption-text\">F\u00ebscherknuet<\/p><\/div>\n<div id=\"attachment_217\" style=\"width: 170px\" class=\"wp-caption alignnone\"><img loading=\"lazy\" decoding=\"async\" aria-describedby=\"caption-attachment-217\" class=\"size-full wp-image-217\" src=\"http:\/\/lgsbartreng.lu\/wordpress\/wp-content\/uploads\/2014\/11\/Palstek.gif\" alt=\"Palstek oder Bulin\" width=\"160\" height=\"200\" \/><p id=\"caption-attachment-217\" class=\"wp-caption-text\">Palstek oder Bulin<\/p><\/div>\n<div id=\"attachment_219\" style=\"width: 210px\" class=\"wp-caption aligncenter\"><img loading=\"lazy\" decoding=\"async\" aria-describedby=\"caption-attachment-219\" class=\"size-full wp-image-219\" src=\"http:\/\/lgsbartreng.lu\/wordpress\/wp-content\/uploads\/2014\/11\/Shotstek.gif\" alt=\"Schotstek\" width=\"200\" height=\"200\" \/><p id=\"caption-attachment-219\" class=\"wp-caption-text\">Schotstek<\/p><\/div>\n<div id=\"attachment_214\" style=\"width: 210px\" class=\"wp-caption alignnone\"><img loading=\"lazy\" decoding=\"async\" aria-describedby=\"caption-attachment-214\" class=\"size-full wp-image-214\" src=\"http:\/\/lgsbartreng.lu\/wordpress\/wp-content\/uploads\/2014\/11\/Duebelen-Shotstek.gif\" alt=\"Duebelen Schotstek\" width=\"200\" height=\"200\" \/><p id=\"caption-attachment-214\" class=\"wp-caption-text\">Duebelen Schotstek<\/p><\/div>\n<div class=\"fcbkbttn_buttons_block\" id=\"fcbkbttn_left\"><div class=\"fcbkbttn_button\">\n\t\t\t\t\t<a href=\"https:\/\/www.facebook.com\/lgsbartreng\" target=\"_blank\">\n\t\t\t\t\t\t<img decoding=\"async\" src=\"\" alt=\"Fb-Button\" \/>\n\t\t\t\t\t<\/a>\n\t\t\t\t<\/div><div class=\"fcbkbttn_like \"><fb:like href=\"https:\/\/www.lgsbartreng.lu\/wordpress\/techniken\/kniet\/\" action=\"like\" colorscheme=\"light\" layout=\"button\"  size=\"small\"><\/fb:like><\/div><div class=\"fb-share-button  \" data-href=\"https:\/\/www.lgsbartreng.lu\/wordpress\/techniken\/kniet\/\" data-type=\"button\" data-size=\"small\"><\/div><\/div>","protected":false},"excerpt":{"rendered":"<p>Kniet brauch een als Guide oder Scout, virun allem, fir Konstruktiounen. Am Ufank vun de meeschten Konstruktiounen brauch een en Tr\u00e9pied. D\u00e9i 3 Holzstaangen ginn niewenteneen, am beschten op eng 4t, drop geluecht. Mat engem Brelageseel g\u00ebtt als \u00e9ischt eng&#8230;<br \/><a class=\"read-more-button\" href=\"https:\/\/www.lgsbartreng.lu\/wordpress\/techniken\/kniet\/\">Mehr Lesen<\/a><\/p>\n","protected":false},"author":1,"featured_media":0,"parent":172,"menu_order":0,"comment_status":"closed","ping_status":"closed","template":"","meta":{"jetpack_post_was_ever_published":false,"footnotes":""},"class_list":["post-212","page","type-page","status-publish","hentry"],"jetpack_sharing_enabled":true,"jetpack_shortlink":"https:\/\/wp.me\/P8GwUP-3q","post_mailing_queue_ids":[],"_links":{"self":[{"href":"https:\/\/www.lgsbartreng.lu\/wordpress\/wp-json\/wp\/v2\/pages\/212","targetHints":{"allow":["GET"]}}],"collection":[{"href":"https:\/\/www.lgsbartreng.lu\/wordpress\/wp-json\/wp\/v2\/pages"}],"about":[{"href":"https:\/\/www.lgsbartreng.lu\/wordpress\/wp-json\/wp\/v2\/types\/page"}],"author":[{"embeddable":true,"href":"https:\/\/www.lgsbartreng.lu\/wordpress\/wp-json\/wp\/v2\/users\/1"}],"replies":[{"embeddable":true,"href":"https:\/\/www.lgsbartreng.lu\/wordpress\/wp-json\/wp\/v2\/comments?post=212"}],"version-history":[{"count":16,"href":"https:\/\/www.lgsbartreng.lu\/wordpress\/wp-json\/wp\/v2\/pages\/212\/revisions"}],"predecessor-version":[{"id":1674,"href":"https:\/\/www.lgsbartreng.lu\/wordpress\/wp-json\/wp\/v2\/pages\/212\/revisions\/1674"}],"up":[{"embeddable":true,"href":"https:\/\/www.lgsbartreng.lu\/wordpress\/wp-json\/wp\/v2\/pages\/172"}],"wp:attachment":[{"href":"https:\/\/www.lgsbartreng.lu\/wordpress\/wp-json\/wp\/v2\/media?parent=212"}],"curies":[{"name":"wp","href":"https:\/\/api.w.org\/{rel}","templated":true}]}}