{"id":3314,"date":"2020-05-01T16:16:32","date_gmt":"2020-05-01T14:16:32","guid":{"rendered":"http:\/\/www.lgsbartreng.lu\/wordpress\/?page_id=3314"},"modified":"2020-05-01T17:12:23","modified_gmt":"2020-05-01T15:12:23","slug":"scoutendoheem-pakalu","status":"publish","type":"page","link":"https:\/\/www.lgsbartreng.lu\/wordpress\/techniken\/scoutendoheem-pakalu\/","title":{"rendered":"Pakalu"},"content":{"rendered":"\n<p>Wat brauch ech fir e gudde Pakalu selwer ze maachen?<\/p>\n\n\n\n<p>Ganz einfach: dat, wat dir am beschte schmaacht \ud83d\ude09 Hei awer e puer Idee\u00ebn, Quantit\u00e9ite pro Kapp:<\/p>\n\n\n\n<ul class=\"wp-block-list\"><li>250g Gehacktes<\/li><li>2 &#8211; 3 Gromperen<\/li><li>1\/2 Tomat oder Paprika<\/li><li>1\/2 \u00cbnn<\/li><li>Sauerrahm<\/li><li>Schw\u00e4izer K\u00e9is<\/li><\/ul>\n\n\n\n<p>Vill Spaass beim Pakalu! Hei \u00ebnnendr\u00ebnner f\u00ebnns du Foto\u00eb mat den d\u00e9taill\u00e9ierten Erkl\u00e4rungen \ud83d\ude09<\/p>\n\n\n\n<div class=\"wp-block-jetpack-slideshow aligncenter\" data-effect=\"slide\"><div class=\"wp-block-jetpack-slideshow_container swiper-container\"><ul class=\"wp-block-jetpack-slideshow_swiper-wrapper swiper-wrapper\"><li class=\"wp-block-jetpack-slideshow_slide swiper-slide\"><figure><img loading=\"lazy\" decoding=\"async\" width=\"720\" height=\"960\" alt=\"\" class=\"wp-block-jetpack-slideshow_image wp-image-3323\" data-id=\"3323\" src=\"http:\/\/www.lgsbartreng.lu\/wordpress\/wp-content\/uploads\/2020\/05\/94212799_1717973288344645_3616374583629709312_n.jpg\" srcset=\"https:\/\/www.lgsbartreng.lu\/wordpress\/wp-content\/uploads\/2020\/05\/94212799_1717973288344645_3616374583629709312_n.jpg 720w, https:\/\/www.lgsbartreng.lu\/wordpress\/wp-content\/uploads\/2020\/05\/94212799_1717973288344645_3616374583629709312_n-225x300.jpg 225w\" sizes=\"(max-width: 720px) 100vw, 720px\" \/><figcaption class=\"wp-block-jetpack-slideshow_caption gallery-caption\">1\/6 Maach e grousst Feier, fir eng gutt Glous! Alternativ kanns du och h\u00e4erno d\u00e4i Pakalu an d&#8217;Kuele vum Grill oder an de Sch\u00e4ffche stellen.<\/figcaption><\/figure><\/li><li class=\"wp-block-jetpack-slideshow_slide swiper-slide\"><figure><img loading=\"lazy\" decoding=\"async\" width=\"960\" height=\"720\" alt=\"\" class=\"wp-block-jetpack-slideshow_image wp-image-3324\" data-id=\"3324\" src=\"http:\/\/www.lgsbartreng.lu\/wordpress\/wp-content\/uploads\/2020\/05\/94101466_1717973261677981_8197006047181799424_n.jpg\" srcset=\"https:\/\/www.lgsbartreng.lu\/wordpress\/wp-content\/uploads\/2020\/05\/94101466_1717973261677981_8197006047181799424_n.jpg 960w, https:\/\/www.lgsbartreng.lu\/wordpress\/wp-content\/uploads\/2020\/05\/94101466_1717973261677981_8197006047181799424_n-300x225.jpg 300w, https:\/\/www.lgsbartreng.lu\/wordpress\/wp-content\/uploads\/2020\/05\/94101466_1717973261677981_8197006047181799424_n-768x576.jpg 768w\" sizes=\"(max-width: 960px) 100vw, 960px\" \/><figcaption class=\"wp-block-jetpack-slideshow_caption gallery-caption\">2\/6 Brod d&#8217;Gehacktes an enger Pan un a w\u00fcrz et esou w\u00e9i et dir schmaacht! Schneid d&#8217;Grompere kleng a kach s\u00eb.<\/figcaption><\/figure><\/li><li class=\"wp-block-jetpack-slideshow_slide swiper-slide\"><figure><img loading=\"lazy\" decoding=\"async\" width=\"720\" height=\"960\" alt=\"\" class=\"wp-block-jetpack-slideshow_image wp-image-3322\" data-id=\"3322\" src=\"http:\/\/www.lgsbartreng.lu\/wordpress\/wp-content\/uploads\/2020\/05\/94269021_1717973315011309_5330067389432201216_n.jpg\" srcset=\"https:\/\/www.lgsbartreng.lu\/wordpress\/wp-content\/uploads\/2020\/05\/94269021_1717973315011309_5330067389432201216_n.jpg 720w, https:\/\/www.lgsbartreng.lu\/wordpress\/wp-content\/uploads\/2020\/05\/94269021_1717973315011309_5330067389432201216_n-225x300.jpg 225w\" sizes=\"(max-width: 720px) 100vw, 720px\" \/><figcaption class=\"wp-block-jetpack-slideshow_caption gallery-caption\">3\/6 F\u00ebll d\u00e4i Pakalu esou, w\u00e9i et dir schmaacht: Gehacktes, Gromperen, Tomaten, \u00cbnnen, Paprika, &#8230; Vergiess net d&#8217;Sauerrahm, a ganz uewendrop de Schw\u00e4izer K\u00e9is \ud83d\ude09<\/figcaption><\/figure><\/li><li class=\"wp-block-jetpack-slideshow_slide swiper-slide\"><figure><img loading=\"lazy\" decoding=\"async\" width=\"720\" height=\"960\" alt=\"\" class=\"wp-block-jetpack-slideshow_image wp-image-3321\" data-id=\"3321\" src=\"http:\/\/www.lgsbartreng.lu\/wordpress\/wp-content\/uploads\/2020\/05\/94818222_1717973345011306_7145593899887624192_n.jpg\" srcset=\"https:\/\/www.lgsbartreng.lu\/wordpress\/wp-content\/uploads\/2020\/05\/94818222_1717973345011306_7145593899887624192_n.jpg 720w, https:\/\/www.lgsbartreng.lu\/wordpress\/wp-content\/uploads\/2020\/05\/94818222_1717973345011306_7145593899887624192_n-225x300.jpg 225w\" sizes=\"(max-width: 720px) 100vw, 720px\" \/><figcaption class=\"wp-block-jetpack-slideshow_caption gallery-caption\">4\/6 Voil\u00e0: gutt gef\u00ebllt, k\u00ebnnt h\u00e4erno nach den Deckel drop&#8230;<\/figcaption><\/figure><\/li><li class=\"wp-block-jetpack-slideshow_slide swiper-slide\"><figure><img loading=\"lazy\" decoding=\"async\" width=\"960\" height=\"720\" alt=\"\" class=\"wp-block-jetpack-slideshow_image wp-image-3320\" data-id=\"3320\" src=\"http:\/\/www.lgsbartreng.lu\/wordpress\/wp-content\/uploads\/2020\/05\/94378927_1717973385011302_8985394083736322048_n.jpg\" srcset=\"https:\/\/www.lgsbartreng.lu\/wordpress\/wp-content\/uploads\/2020\/05\/94378927_1717973385011302_8985394083736322048_n.jpg 960w, https:\/\/www.lgsbartreng.lu\/wordpress\/wp-content\/uploads\/2020\/05\/94378927_1717973385011302_8985394083736322048_n-300x225.jpg 300w, https:\/\/www.lgsbartreng.lu\/wordpress\/wp-content\/uploads\/2020\/05\/94378927_1717973385011302_8985394083736322048_n-768x576.jpg 768w\" sizes=\"(max-width: 960px) 100vw, 960px\" \/><figcaption class=\"wp-block-jetpack-slideshow_caption gallery-caption\">5\/6 &#8230; an ab an d&#8217;Kuelen! Alternativ kanns du de Pakalu och an de Grill oder de Sch\u00e4ffche setzen!<\/figcaption><\/figure><\/li><li class=\"wp-block-jetpack-slideshow_slide swiper-slide\"><figure><img loading=\"lazy\" decoding=\"async\" width=\"720\" height=\"960\" alt=\"\" class=\"wp-block-jetpack-slideshow_image wp-image-3319\" data-id=\"3319\" src=\"http:\/\/www.lgsbartreng.lu\/wordpress\/wp-content\/uploads\/2020\/05\/94727025_1717973418344632_7397640821543010304_n.jpg\" srcset=\"https:\/\/www.lgsbartreng.lu\/wordpress\/wp-content\/uploads\/2020\/05\/94727025_1717973418344632_7397640821543010304_n.jpg 720w, https:\/\/www.lgsbartreng.lu\/wordpress\/wp-content\/uploads\/2020\/05\/94727025_1717973418344632_7397640821543010304_n-225x300.jpg 225w\" sizes=\"(max-width: 720px) 100vw, 720px\" \/><figcaption class=\"wp-block-jetpack-slideshow_caption gallery-caption\">6\/6 BONA &#8211; BONA &#8211; PETIT! Gudden Appetit!<\/figcaption><\/figure><\/li><\/ul><a class=\"wp-block-jetpack-slideshow_button-prev swiper-button-prev swiper-button-white\" role=\"button\"><\/a><a class=\"wp-block-jetpack-slideshow_button-next swiper-button-next swiper-button-white\" role=\"button\"><\/a><a aria-label=\"Pause Slideshow\" class=\"wp-block-jetpack-slideshow_button-pause\" role=\"button\"><\/a><div class=\"wp-block-jetpack-slideshow_pagination swiper-pagination swiper-pagination-white\"><\/div><\/div><\/div>\n\n\n\n<p>Weider Aktivit\u00e9iten zum Thema #ScoutenDoheem f\u00ebnns du op eiser S\u00e4it <a href=\"http:\/\/www.lgsbartreng.lu\/wordpress\/techniken\/\">www.lgsbartreng.lu<\/a> an op <a href=\"https:\/\/lgs.lu\/homescouting\/aktiviteiten\/\" target=\"_blank\" rel=\"noreferrer noopener\">www.lgs.lu<\/a>.<\/p>\n<div class=\"fcbkbttn_buttons_block\" id=\"fcbkbttn_left\"><div class=\"fcbkbttn_button\">\n\t\t\t\t\t<a href=\"https:\/\/www.facebook.com\/lgsbartreng\" target=\"_blank\">\n\t\t\t\t\t\t<img decoding=\"async\" src=\"\" alt=\"Fb-Button\" \/>\n\t\t\t\t\t<\/a>\n\t\t\t\t<\/div><div class=\"fcbkbttn_like \"><fb:like href=\"https:\/\/www.lgsbartreng.lu\/wordpress\/techniken\/scoutendoheem-pakalu\/\" action=\"like\" colorscheme=\"light\" layout=\"button\"  size=\"small\"><\/fb:like><\/div><div class=\"fb-share-button  \" data-href=\"https:\/\/www.lgsbartreng.lu\/wordpress\/techniken\/scoutendoheem-pakalu\/\" data-type=\"button\" data-size=\"small\"><\/div><\/div>","protected":false},"excerpt":{"rendered":"<p>Wat brauch ech fir e gudde Pakalu selwer ze maachen? Ganz einfach: dat, wat dir am beschte schmaacht \ud83d\ude09 Hei awer e puer Idee\u00ebn, Quantit\u00e9ite pro Kapp: 250g Gehacktes 2 &#8211; 3 Gromperen 1\/2 Tomat oder Paprika 1\/2 \u00cbnn Sauerrahm&#8230;<br \/><a class=\"read-more-button\" href=\"https:\/\/www.lgsbartreng.lu\/wordpress\/techniken\/scoutendoheem-pakalu\/\">Mehr Lesen<\/a><\/p>\n","protected":false},"author":1,"featured_media":0,"parent":172,"menu_order":0,"comment_status":"closed","ping_status":"closed","template":"","meta":{"jetpack_post_was_ever_published":false,"footnotes":""},"class_list":["post-3314","page","type-page","status-publish","hentry"],"jetpack_sharing_enabled":true,"jetpack_shortlink":"https:\/\/wp.me\/P8GwUP-Rs","post_mailing_queue_ids":[],"_links":{"self":[{"href":"https:\/\/www.lgsbartreng.lu\/wordpress\/wp-json\/wp\/v2\/pages\/3314","targetHints":{"allow":["GET"]}}],"collection":[{"href":"https:\/\/www.lgsbartreng.lu\/wordpress\/wp-json\/wp\/v2\/pages"}],"about":[{"href":"https:\/\/www.lgsbartreng.lu\/wordpress\/wp-json\/wp\/v2\/types\/page"}],"author":[{"embeddable":true,"href":"https:\/\/www.lgsbartreng.lu\/wordpress\/wp-json\/wp\/v2\/users\/1"}],"replies":[{"embeddable":true,"href":"https:\/\/www.lgsbartreng.lu\/wordpress\/wp-json\/wp\/v2\/comments?post=3314"}],"version-history":[{"count":7,"href":"https:\/\/www.lgsbartreng.lu\/wordpress\/wp-json\/wp\/v2\/pages\/3314\/revisions"}],"predecessor-version":[{"id":3351,"href":"https:\/\/www.lgsbartreng.lu\/wordpress\/wp-json\/wp\/v2\/pages\/3314\/revisions\/3351"}],"up":[{"embeddable":true,"href":"https:\/\/www.lgsbartreng.lu\/wordpress\/wp-json\/wp\/v2\/pages\/172"}],"wp:attachment":[{"href":"https:\/\/www.lgsbartreng.lu\/wordpress\/wp-json\/wp\/v2\/media?parent=3314"}],"curies":[{"name":"wp","href":"https:\/\/api.w.org\/{rel}","templated":true}]}}