{"id":36,"date":"2014-10-24T15:32:08","date_gmt":"2014-10-24T13:32:08","guid":{"rendered":"http:\/\/lgsbartreng.lu\/wordpress\/?page_id=36"},"modified":"2020-04-09T23:27:20","modified_gmt":"2020-04-09T21:27:20","slug":"wellef","status":"publish","type":"page","link":"https:\/\/www.lgsbartreng.lu\/wordpress\/branchen\/wellef\/","title":{"rendered":"W\u00ebllefcher (8 &#8211; 11 Joer)"},"content":{"rendered":"<h2 style=\"text-align: justify;\" align=\"justify\"><img loading=\"lazy\" decoding=\"async\" class=\"size-full wp-image-1321 aligncenter\" src=\"http:\/\/lgsbartreng.lu\/wordpress\/wp-content\/uploads\/2014\/10\/Br_Wellefcher.png\" alt=\"Br_Wellefcher\" width=\"692\" height=\"170\" srcset=\"https:\/\/www.lgsbartreng.lu\/wordpress\/wp-content\/uploads\/2014\/10\/Br_Wellefcher.png 692w, https:\/\/www.lgsbartreng.lu\/wordpress\/wp-content\/uploads\/2014\/10\/Br_Wellefcher-300x74.png 300w\" sizes=\"auto, (max-width: 692px) 100vw, 692px\" \/><\/h2>\n<p style=\"text-align: justify;\" align=\"justify\">Effektiv, Kanner am Alter vun <strong>8 bis 11 Joer<\/strong> sinn immens virw\u00ebtzeg, w\u00eblle g\u00e4re b\u00e4il\u00e9ieren, entdecken, fuerschen&#8230;, och wann hautd\u00ebsdaags verschidde gesellschaftlech Phenomener an Tendenz\u00eb prob\u00e9ieren, d\u00ebse Bediirfn\u00ebsser vum Kand entg\u00e9int ze wiirken andeems se d\u00b4Erliefn\u00ebssf\u00e4hegkeet versichen ze \u00ebnnerdr\u00e9cken.<\/p>\n<p style=\"text-align: justify;\" align=\"justify\"><strong><a style=\"text-decoration-line: none; font-size: 13px; text-align: justify;\" href=\"http:\/\/www.lgsbartreng.lu\/wordpress\/kontakt\/\" target=\"_blank\" rel=\"noopener noreferrer\"><img loading=\"lazy\" decoding=\"async\" class=\"alignright wp-image-2663 size-medium\" src=\"http:\/\/www.lgsbartreng.lu\/wordpress\/wp-content\/uploads\/2018\/06\/Kontakt-300x91.png\" alt=\"\" width=\"300\" height=\"91\" \/><\/a>D&#8217;W\u00ebllef treffe sech regelm\u00e9isseg, samschdes vu 14:00 bis 16:00<\/strong>, am Home fir eng Versammlung ze maachen.<\/p>\n<blockquote>\n<p style=\"text-align: justify;\" align=\"justify\">Mat Kanner aus dem W\u00ebllefalter d\u00b4Liewen entdecken heescht Entdeckungsfreed, Kreativit\u00e9it a Fantasi an de Kanner waakreg maachen an entw\u00e9ckelen.<\/p>\n<\/blockquote>\n<h2 class=\"title\">W\u00ebllefchersmethode<\/h2>\n<div id=\"node-74\" class=\"node\">\n<div class=\"clearfix\">\n<div>\n<div class=\"content\">\n<p><strong>Kuerzen Iwwerbl\u00e9ck:<\/strong><\/p>\n<div>\n<p style=\"text-align: justify;\" align=\"justify\">K<img loading=\"lazy\" decoding=\"async\" class=\"alignleft wp-image-3280 size-thumbnail\" src=\"http:\/\/www.lgsbartreng.lu\/wordpress\/wp-content\/uploads\/2020\/04\/W\u00ebllefcher_rgb-700x700-1-150x150.png\" alt=\"\" width=\"150\" height=\"150\" srcset=\"https:\/\/www.lgsbartreng.lu\/wordpress\/wp-content\/uploads\/2020\/04\/W\u00ebllefcher_rgb-700x700-1-150x150.png 150w, https:\/\/www.lgsbartreng.lu\/wordpress\/wp-content\/uploads\/2020\/04\/W\u00ebllefcher_rgb-700x700-1-300x300.png 300w, https:\/\/www.lgsbartreng.lu\/wordpress\/wp-content\/uploads\/2020\/04\/W\u00ebllefcher_rgb-700x700-1.png 700w\" sizes=\"auto, (max-width: 150px) 100vw, 150px\" \/>onzept a Philosophie vun der W\u00ebllefchersmethod: Symboleschen Hannergrond vun der W\u00ebllefchersmethod as nach \u00ebmmer dem Rudyard Kipling s\u00e4in &#8222;Dschungelbuch&#8220;. An d\u00ebser Geschicht g\u00ebt e Jong, de Mowgli, am Dschungel ausgesat, g\u00ebt vun den D\u00e9ieren aus dem Dschungel opgeholl a ger\u00e9it dann do an de M\u00ebttelpunkt. Mir w\u00ebllen d\u00ebse Mowgli op s\u00e9ngem Wee zum Erwuessegi begleden. Dacks huet hien et n\u00ebt einfach op d\u00ebsem Wee a ger\u00e9it vun engem Abenteuer an dat anert. Mee s\u00e9ng Fr\u00ebnn aus dem Dschungel stin him daper zur S\u00e4it. D\u00ebs Geschicht, d\u00e9i u sech vill Parallelen zu eiser Gesellschaft opweist, liwwert n\u00ebt n\u00ebmmen e flotten, abenteuerlechen a kandsgerechte Kader, mee huet doriwwer eraus och nach e ganze Koup edukativ W\u00e4erter, d\u00e9i mir dem Kand w\u00eblle mat op de Wee gin.<\/p>\n<p style=\"text-align: justify;\" align=\"justify\"><a href=\"http:\/\/lgsbartreng.lu\/wordpress\/category\/medien\/wellef-fotoen-a-video\/\"><img loading=\"lazy\" decoding=\"async\" class=\"wp-image-1033 size-thumbnail alignright\" src=\"http:\/\/lgsbartreng.lu\/wordpress\/wp-content\/uploads\/2015\/07\/Foto-Icon-150x150.bmp\" alt=\"Foto Icon\" width=\"150\" height=\"150\" \/><\/a>Op d\u00ebser Plaz sief n\u00ebmmen op de Charakter vun den eenzelnen Akteur\u00eb vun der Geschicht higewisen. Grondelement vun der W\u00ebllefchersmethod as d\u00b4Spill: am Kanneralter l\u00e9iert e Kand s\u00e9ng \u00ebmwelt a s\u00e9ng Matm\u00ebnschen am an duerch d\u00b4Spill begr\u00e4ifen . Wann ee m\u00e9i w\u00e4it geet, kann een esouguer so\u00ebn: d\u00b4Liewen as een eenzegt grousst Spill: all Dag l\u00e9iere mir op en neits Saache b\u00e4i; et gin eng ganz Parti Regelen, no denen d\u00ebst Spill ofleeft; mee doriwwer eraus hu mir d\u00b4M\u00e9iglechkeet, fir bannen an d\u00ebsem Kader selwer matzebest\u00ebmmen, w\u00e9i dat Spill leeft. \u00e4hnlech as et och bei de W\u00ebllefcher: am Dschungel g\u00ebt et e Gesetz a Regelen. Bannen an d\u00ebsem Kader as den Eenzelnen awer fr\u00e4i, selwer aktiv matzemaachen a matzegestalten. Datt d\u00ebst n\u00ebt ouni &#8222;Training&#8220; geet, as gewosst. Dat Spill zitt sech iwwer Jo\u00ebren hin; esou kann d\u00b4Kand lues a lues an enger famili\u00e4rer Gemeinschaft (souwuel am Ruddel w\u00e9i och an der Sizaine) wuessen a r\u00e4if gin (pers\u00e9inleche Fortschr\u00ebtt).<\/p>\n<p style=\"text-align: justify;\" align=\"justify\">Am Ufank vum Wuessen a vun dem Wee duerch den Dschungel steet de Mowgliposter: Nodeem d\u00b4Kand sech entscheed huet (no 3 M\u00e9int) fir bei de W\u00ebllefcher ze bleiwen, kann et s\u00e4i Wee als Mowgli uf\u00e4nken. De Mowgli as deen Neien, den Onerfuerenen, dee Scheien, deen, dee vill b\u00e4il\u00e9iere muss, fir k\u00ebnnen an engem frieme Milieu z\u00b4iwwerliewen. Als Zeeche vu s\u00e9nger Zougeh\u00e9ieregkeet zu d\u00ebser Gemeinschaft kritt hien da vu s\u00e9ngem Ruddel de Foulard iwwerreecht. Elo geet et dann dr\u00ebms, fir e ganze Koup F\u00e4hegketen ze entw\u00e9ckelen, d\u00ebst n\u00ebt n\u00ebmmen um Niveau vu Kierper a Geescht, mee och um Niveau vum Grupp, an deem de Mowgli lieft: ouni d\u00ebs Gemeinschaft, op d\u00e9i hien \u00ebmmer ziele kann an d\u00e9i hien n\u00ebt fale l\u00e9isst, w\u00e4r hie verluer.<\/p>\n<\/div>\n<\/div>\n<\/div>\n<\/div>\n<\/div>\n<p style=\"text-align: right;\"><em>(Quell: lgs.lu)<\/em><\/p>\n<h2 style=\"text-align: justify;\" align=\"justify\">Fir W\u00ebllefcher Foto\u00ebn : <a href=\"http:\/\/lgsbartreng.lu\/wordpress\/category\/medien\/wellef-fotoen-a-video\/\">klick hei<\/a> !<\/h2>\n<div class=\"fcbkbttn_buttons_block\" id=\"fcbkbttn_left\"><div class=\"fcbkbttn_button\">\n\t\t\t\t\t<a href=\"https:\/\/www.facebook.com\/lgsbartreng\" target=\"_blank\">\n\t\t\t\t\t\t<img decoding=\"async\" src=\"\" alt=\"Fb-Button\" \/>\n\t\t\t\t\t<\/a>\n\t\t\t\t<\/div><div class=\"fcbkbttn_like \"><fb:like href=\"https:\/\/www.lgsbartreng.lu\/wordpress\/branchen\/wellef\/\" action=\"like\" colorscheme=\"light\" layout=\"button\"  size=\"small\"><\/fb:like><\/div><div class=\"fb-share-button  \" data-href=\"https:\/\/www.lgsbartreng.lu\/wordpress\/branchen\/wellef\/\" data-type=\"button\" data-size=\"small\"><\/div><\/div>","protected":false},"excerpt":{"rendered":"<p>Effektiv, Kanner am Alter vun 8 bis 11 Joer sinn immens virw\u00ebtzeg, w\u00eblle g\u00e4re b\u00e4il\u00e9ieren, entdecken, fuerschen&#8230;, och wann hautd\u00ebsdaags verschidde gesellschaftlech Phenomener an Tendenz\u00eb prob\u00e9ieren, d\u00ebse Bediirfn\u00ebsser vum Kand entg\u00e9int ze wiirken andeems se d\u00b4Erliefn\u00ebssf\u00e4hegkeet versichen ze \u00ebnnerdr\u00e9cken. D&#8217;W\u00ebllef&#8230;<br \/><a class=\"read-more-button\" href=\"https:\/\/www.lgsbartreng.lu\/wordpress\/branchen\/wellef\/\">Mehr Lesen<\/a><\/p>\n","protected":false},"author":1,"featured_media":0,"parent":109,"menu_order":0,"comment_status":"closed","ping_status":"closed","template":"","meta":{"jetpack_post_was_ever_published":false,"footnotes":""},"class_list":["post-36","page","type-page","status-publish","hentry"],"jetpack_sharing_enabled":true,"jetpack_shortlink":"https:\/\/wp.me\/P8GwUP-A","post_mailing_queue_ids":[],"_links":{"self":[{"href":"https:\/\/www.lgsbartreng.lu\/wordpress\/wp-json\/wp\/v2\/pages\/36","targetHints":{"allow":["GET"]}}],"collection":[{"href":"https:\/\/www.lgsbartreng.lu\/wordpress\/wp-json\/wp\/v2\/pages"}],"about":[{"href":"https:\/\/www.lgsbartreng.lu\/wordpress\/wp-json\/wp\/v2\/types\/page"}],"author":[{"embeddable":true,"href":"https:\/\/www.lgsbartreng.lu\/wordpress\/wp-json\/wp\/v2\/users\/1"}],"replies":[{"embeddable":true,"href":"https:\/\/www.lgsbartreng.lu\/wordpress\/wp-json\/wp\/v2\/comments?post=36"}],"version-history":[{"count":19,"href":"https:\/\/www.lgsbartreng.lu\/wordpress\/wp-json\/wp\/v2\/pages\/36\/revisions"}],"predecessor-version":[{"id":3290,"href":"https:\/\/www.lgsbartreng.lu\/wordpress\/wp-json\/wp\/v2\/pages\/36\/revisions\/3290"}],"up":[{"embeddable":true,"href":"https:\/\/www.lgsbartreng.lu\/wordpress\/wp-json\/wp\/v2\/pages\/109"}],"wp:attachment":[{"href":"https:\/\/www.lgsbartreng.lu\/wordpress\/wp-json\/wp\/v2\/media?parent=36"}],"curies":[{"name":"wp","href":"https:\/\/api.w.org\/{rel}","templated":true}]}}