{"id":54,"date":"2014-10-24T16:44:40","date_gmt":"2014-10-24T14:44:40","guid":{"rendered":"http:\/\/lgsbartreng.lu\/wordpress\/?page_id=54"},"modified":"2020-04-09T23:25:37","modified_gmt":"2020-04-09T21:25:37","slug":"carapio","status":"publish","type":"page","link":"https:\/\/www.lgsbartreng.lu\/wordpress\/branchen\/carapio\/","title":{"rendered":"CaraPio (14 &#8211; 17 Joer)"},"content":{"rendered":"<p style=\"text-align: justify;\" align=\"justify\"><img loading=\"lazy\" decoding=\"async\" class=\"size-full wp-image-1319 aligncenter\" src=\"http:\/\/lgsbartreng.lu\/wordpress\/wp-content\/uploads\/2014\/10\/Br_CaraPio.png\" alt=\"Br_CaraPio\" width=\"692\" height=\"170\" srcset=\"https:\/\/www.lgsbartreng.lu\/wordpress\/wp-content\/uploads\/2014\/10\/Br_CaraPio.png 692w, https:\/\/www.lgsbartreng.lu\/wordpress\/wp-content\/uploads\/2014\/10\/Br_CaraPio-300x74.png 300w\" sizes=\"auto, (max-width: 692px) 100vw, 692px\" \/><\/p>\n<p style=\"text-align: justify;\" align=\"justify\">CaraPio ass d\u00b4Ofkierzung vu Caravellen a Pion\u00e9ier, dat si Jugendlecher, Meedercher a Jongen, t\u00ebscht 14 a 17 Joer. Am Verband vun den LGS ginn et zur Z\u00e4it bal 54 CaraPio-Truppen, mat 605 Jugendlechen an 186 Cheftainen a Chef. An eiser Trupp schaffe Meedercher a Jongen zesummen.<\/p>\n<p style=\"text-align: justify;\" align=\"justify\"><strong><a style=\"text-decoration-line: none; font-size: 13px; text-align: justify;\" href=\"http:\/\/www.lgsbartreng.lu\/wordpress\/kontakt\/\" target=\"_blank\" rel=\"noopener noreferrer\"><img loading=\"lazy\" decoding=\"async\" class=\"alignright wp-image-2663 size-medium\" src=\"http:\/\/www.lgsbartreng.lu\/wordpress\/wp-content\/uploads\/2018\/06\/Kontakt-300x91.png\" alt=\"\" width=\"300\" height=\"91\" \/><\/a>D\u00b4CaraPio treffe sech regelm\u00e9isseg, freides vun 19:30 bis 21:00<\/strong>, am Home an enger Versammlung fir zesummen flott Aktivit\u00e9iten z\u00b4organis\u00e9ieren an duerchzef\u00e9ieren. Ganz vill W\u00e4ert g\u00ebtt geluecht op d\u00b4Matbest\u00ebmmung, souwuel bei der Wiel a Virbereedung, w\u00e9i och beim Duerchz\u00e9ien vun den Aktivit\u00e9iten. Et l\u00e4it op der Hand, dass also och d\u00b4Matverantwortung an d\u00b4Engagement grouss geschriwwe ginn. Wat mir erliewen? De Startschoss fir e neit Joer ass \u00ebmmer d\u00b4Mont\u00e9e, wou d\u00e9i <img loading=\"lazy\" decoding=\"async\" class=\"alignleft wp-image-3278 size-thumbnail\" src=\"http:\/\/www.lgsbartreng.lu\/wordpress\/wp-content\/uploads\/2020\/04\/CaraPio_rgb-700x700-1-150x150.png\" alt=\"\" width=\"150\" height=\"150\" srcset=\"https:\/\/www.lgsbartreng.lu\/wordpress\/wp-content\/uploads\/2020\/04\/CaraPio_rgb-700x700-1-150x150.png 150w, https:\/\/www.lgsbartreng.lu\/wordpress\/wp-content\/uploads\/2020\/04\/CaraPio_rgb-700x700-1-300x300.png 300w, https:\/\/www.lgsbartreng.lu\/wordpress\/wp-content\/uploads\/2020\/04\/CaraPio_rgb-700x700-1.png 700w\" sizes=\"auto, (max-width: 150px) 100vw, 150px\" \/>nei CaraPio an d\u00b4Trupp opgeholl ginn. Am Laf vum Jo\u00ebr ginn dann en etlech Weekender zesumme geplangt an iergendwou am In- oder Ausland, am Chalet oder Zelt ofgehal. Den absoluten H\u00e9ichpunkt vum Guide\/Scoutsjoer ass awer de Camp, dee bei de CaraPio meeschtens am Ausland ass.<\/p>\n<ul>\n<li><a href=\"http:\/\/lgsbartreng.lu\/wordpress\/category\/medien\/carapio-fotoen\/\"><img loading=\"lazy\" decoding=\"async\" class=\"wp-image-1033 size-thumbnail alignright\" src=\"http:\/\/lgsbartreng.lu\/wordpress\/wp-content\/uploads\/2015\/07\/Foto-Icon-150x150.bmp\" alt=\"Foto Icon\" width=\"150\" height=\"150\" \/><\/a>Kennel\u00e9iere vu frieme L\u00e4nner, Kulturen a Liewensbedingungen<\/li>\n<li>Kn\u00ebppe vun internationale Fr\u00ebndschaften<\/li>\n<li>Abenteuer erliewen, sech trauen, Erfahrunge maachen<\/li>\n<li>am Grupp liewen an zesummen eng lass maachen<\/li>\n<li>d&#8217;Natur a senge Verschiddenheeten erliewen<\/li>\n<\/ul>\n<p style=\"text-align: justify;\" align=\"justify\">Grenzen iwwerwannen: &#8222;Fuer duer&#8220; ass de Sproch vun de CaraPio organis\u00e9iert eppes, maacht eppes, start eng, zesumme mat \u00e4re Fr\u00ebnn.<\/p>\n<p align=\"justify\">D&#8217;CaraPio Method fannt dir op der <a href=\"http:\/\/carapio.lgs.lu\/methode\/\" target=\"_blank\" rel=\"noopener noreferrer\">CaraPio S\u00e4it vun den LGS\u00a0(externe Link bei lgs.lu)<\/a><\/p>\n<p style=\"text-align: right;\"><em>(Quell: lgs.lu)<\/em><\/p>\n<h2 style=\"text-align: justify;\" align=\"justify\">Fir CaraPio\u00a0Foto\u00ebn : <a href=\"http:\/\/lgsbartreng.lu\/wordpress\/category\/medien\/carapio-fotoen\/\">klick hei<\/a> !<\/h2>\n<div class=\"fcbkbttn_buttons_block\" id=\"fcbkbttn_left\"><div class=\"fcbkbttn_button\">\n\t\t\t\t\t<a href=\"https:\/\/www.facebook.com\/lgsbartreng\" target=\"_blank\">\n\t\t\t\t\t\t<img decoding=\"async\" src=\"\" alt=\"Fb-Button\" \/>\n\t\t\t\t\t<\/a>\n\t\t\t\t<\/div><div class=\"fcbkbttn_like \"><fb:like href=\"https:\/\/www.lgsbartreng.lu\/wordpress\/branchen\/carapio\/\" action=\"like\" colorscheme=\"light\" layout=\"button\"  size=\"small\"><\/fb:like><\/div><div class=\"fb-share-button  \" data-href=\"https:\/\/www.lgsbartreng.lu\/wordpress\/branchen\/carapio\/\" data-type=\"button\" data-size=\"small\"><\/div><\/div>","protected":false},"excerpt":{"rendered":"<p>CaraPio ass d\u00b4Ofkierzung vu Caravellen a Pion\u00e9ier, dat si Jugendlecher, Meedercher a Jongen, t\u00ebscht 14 a 17 Joer. Am Verband vun den LGS ginn et zur Z\u00e4it bal 54 CaraPio-Truppen, mat 605 Jugendlechen an 186 Cheftainen a Chef. An eiser&#8230;<br \/><a class=\"read-more-button\" href=\"https:\/\/www.lgsbartreng.lu\/wordpress\/branchen\/carapio\/\">Mehr Lesen<\/a><\/p>\n","protected":false},"author":1,"featured_media":0,"parent":109,"menu_order":0,"comment_status":"closed","ping_status":"closed","template":"","meta":{"jetpack_post_was_ever_published":false,"footnotes":""},"class_list":["post-54","page","type-page","status-publish","hentry"],"jetpack_sharing_enabled":true,"jetpack_shortlink":"https:\/\/wp.me\/P8GwUP-S","post_mailing_queue_ids":[],"_links":{"self":[{"href":"https:\/\/www.lgsbartreng.lu\/wordpress\/wp-json\/wp\/v2\/pages\/54","targetHints":{"allow":["GET"]}}],"collection":[{"href":"https:\/\/www.lgsbartreng.lu\/wordpress\/wp-json\/wp\/v2\/pages"}],"about":[{"href":"https:\/\/www.lgsbartreng.lu\/wordpress\/wp-json\/wp\/v2\/types\/page"}],"author":[{"embeddable":true,"href":"https:\/\/www.lgsbartreng.lu\/wordpress\/wp-json\/wp\/v2\/users\/1"}],"replies":[{"embeddable":true,"href":"https:\/\/www.lgsbartreng.lu\/wordpress\/wp-json\/wp\/v2\/comments?post=54"}],"version-history":[{"count":21,"href":"https:\/\/www.lgsbartreng.lu\/wordpress\/wp-json\/wp\/v2\/pages\/54\/revisions"}],"predecessor-version":[{"id":3287,"href":"https:\/\/www.lgsbartreng.lu\/wordpress\/wp-json\/wp\/v2\/pages\/54\/revisions\/3287"}],"up":[{"embeddable":true,"href":"https:\/\/www.lgsbartreng.lu\/wordpress\/wp-json\/wp\/v2\/pages\/109"}],"wp:attachment":[{"href":"https:\/\/www.lgsbartreng.lu\/wordpress\/wp-json\/wp\/v2\/media?parent=54"}],"curies":[{"name":"wp","href":"https:\/\/api.w.org\/{rel}","templated":true}]}}