{"id":58,"date":"2014-10-24T17:05:19","date_gmt":"2014-10-24T15:05:19","guid":{"rendered":"http:\/\/lgsbartreng.lu\/wordpress\/?page_id=58"},"modified":"2020-09-14T20:42:02","modified_gmt":"2020-09-14T18:42:02","slug":"raro","status":"publish","type":"page","link":"https:\/\/www.lgsbartreng.lu\/wordpress\/branchen\/raro\/","title":{"rendered":"RaRo (17 &#8211; 23 Joer)"},"content":{"rendered":"<p style=\"text-align: justify;\" align=\"justify\"><img loading=\"lazy\" decoding=\"async\" class=\"size-full wp-image-1320 aligncenter\" src=\"http:\/\/lgsbartreng.lu\/wordpress\/wp-content\/uploads\/2014\/10\/Br_RaRo.png\" alt=\"Br_RaRo\" width=\"692\" height=\"170\" srcset=\"https:\/\/www.lgsbartreng.lu\/wordpress\/wp-content\/uploads\/2014\/10\/Br_RaRo.png 692w, https:\/\/www.lgsbartreng.lu\/wordpress\/wp-content\/uploads\/2014\/10\/Br_RaRo-300x74.png 300w\" sizes=\"auto, (max-width: 692px) 100vw, 692px\" \/>D&#8217;Ranger an d&#8217;Rover si Jugendlech, Meedercher a <span class=\"eifeler_regel\" title=\"Jonge\">Jongen<\/span> vu 17 bis 23 Joer. Si bilden d\u00e9i iewescht Branche <span class=\"eifeler_regel\" title=\"vu\">vum<\/span> Verband vun de L\u00ebtzebuerger <span style=\"font-weight: bold;\">Guiden <\/span>a <span style=\"font-weight: bold;\">Scouten<\/span>. Hir Ziler sinn domat d\u00e9i n\u00e4mlecht w\u00e9i d\u00e9i vum ganze Verband. Mee, eleng duerch den Alter <span class=\"eifeler_regel\" title=\"erginn\">ergi<\/span> sech aner M\u00e9iglechkeeten an Ufuerderungen.<\/p>\n<p style=\"text-align: justify;\" align=\"justify\"><strong><a href=\"http:\/\/www.lgsbartreng.lu\/wordpress\/kontakt\/\"><img decoding=\"async\" class=\"alignright\" src=\"http:\/\/www.lgsbartreng.lu\/wordpress\/wp-content\/uploads\/2018\/06\/Kontakt-300x91.png\" \/><\/a>D&#8217;RaRo treffe sech regelm\u00e9isseg, samschdes vun 19:30 bis 21:00<\/strong>, am Home fir eng Versammlung ze maachen.<\/p>\n<ul>\n<li style=\"text-align: justify;\">De Projet &#8211; De Projet ass bei der Route dat, wat bei de CaraPio d&#8217;Entreprise ass. Et ass e praktescht \u00cbmsetze vun der Scoutsmethod. Als Projet g\u00ebllen all m\u00e9iglech Aktivit\u00e9iten awer dem Alter ugepasst. Et g\u00ebtt sech an Themen erageschafft a jiddweree soll Konsequenze fir seng eegen Haltung z\u00e9ien. Beim Plange vum Projet huelen d&#8217;RaRo Responsabilit\u00e9iten un. Beim Ofschloss g\u00ebtt e Bilan gemaach. De Camp-Volant. D&#8217;RaRo sinn an engem Alter, wou <span class=\"eifeler_regel\" title=\"sinn\">si <\/span>hirem Liewen eng Orientatioun musse ginn : se sinn \u00ebnnerwee. De Camp-Volant ass dow\u00e9inst eng ugepassten Aktivit\u00e9it fir eis Branche.<\/li>\n<\/ul>\n<ul>\n<li>\n<p style=\"text-align: justify;\" align=\"justify\"><img loading=\"lazy\" decoding=\"async\" class=\"alignleft wp-image-3281 size-thumbnail\" src=\"http:\/\/www.lgsbartreng.lu\/wordpress\/wp-content\/uploads\/2020\/04\/RaRo_rgb-700x700-1-150x150.png\" alt=\"\" width=\"150\" height=\"150\" srcset=\"https:\/\/www.lgsbartreng.lu\/wordpress\/wp-content\/uploads\/2020\/04\/RaRo_rgb-700x700-1-150x150.png 150w, https:\/\/www.lgsbartreng.lu\/wordpress\/wp-content\/uploads\/2020\/04\/RaRo_rgb-700x700-1-300x300.png 300w, https:\/\/www.lgsbartreng.lu\/wordpress\/wp-content\/uploads\/2020\/04\/RaRo_rgb-700x700-1.png 700w\" sizes=\"auto, (max-width: 150px) 100vw, 150px\" \/>D&#8217;RaRo sinn an engem Alter, wou si wichteg Entscheedungen treffe mussen oder virbereeden : d&#8217;Wiel vum Beruff, d&#8217;Wiel vun engem Liewenspartner an d&#8217;Wiel vun enger Liewensorientatioun. Den Numm vun der Branche, Route as Ausdrock vun d\u00ebsem sichen an \u00ebnnerwee sinn. D&#8217;Ziler vun der Route orient\u00e9ieren sech un de <span class=\"eifeler_regel\" title=\"Besoine\">Besoinen<\/span> vun de Jugendlechen. Si huet als grousst Zil, dass d\u00e9i Jugendlech lues a lues duerch <span class=\"eifeler_regel\" title=\"Aktioune\">Aktiounen<\/span> bewosst un hirem <span class=\"eifeler_regel\" title=\"Erwuessen\">Erwuesse<\/span>-sinn, Engag\u00e9iert-sinn a Chr\u00ebscht-<span class=\"eifeler_regel\" title=\"si\">sinn<\/span> schaffen. Eis Method bidd dob\u00e4i e Kader. D&#8217;Method bei der Route ass eng altersgerecht Uwendung vun der Scoutsmethod. Eis Method huet also d\u00e9i n\u00e4mlecht Charakteristiken, Typ vun Aktivit\u00e9iten an Aart a Weis fir se duerchzef\u00e9ieren, w\u00e9i d\u00e9i vun den anere Branchen. Mee bei eis ass den eenzelne m\u00e9i gefuerdert, et ass eis wichteg, dass d&#8217;RaRo bewosst un hirer eegener Pers\u00e9inlechkeet schaffen. Zur Method geh\u00e9iert : d&#8217;Liewen an engem Grupp.<br \/>\nDe Grupp wou d&#8217;RaRo sech treffen nennt sech Clan. D\u00ebse Clan trefft sech regelm\u00e9isseg a Versammlungen a setzt sech Ziler a Regelen. D&#8217;RaRo l\u00e9ieren zesumme schaffen an huelen Decisiounen zesummen. Mir schw\u00e4tze vu Cogestioun. All RaRo m\u00e9cht a senger Route-Lafbunn eng Progressioun mat.<\/p>\n<\/li>\n<li style=\"text-align: justify;\">Reli\u00e9is Aktivit\u00e9iten. De reli\u00e9ise Ber\u00e4ich ass wahrscheinlech deen, wou d\u00e9i mannste RaRo a Chef\/tainen eenz ginn. Eng H\u00ebllef d\u00ebst Thema unzegoen, bidden eis Thematesch Weekender. Gruppendynamesch Spiller. D\u00ebs Spiller h\u00ebllefen, sech den Haltungen a Situatioune bewosst ze ginn. Konflikter gin thematis\u00e9iert a net einfach verdr\u00e4ngt. Et g\u00ebtt eng k\u00ebnschtlech Situatioun geschaf an d\u00e4r kee brauch Angscht ze hunn, s\u00e4i Standpunkt ze vertrieden. Et bleift \u00ebmmer n\u00ebmmen e Spill. Co\u00e9ducatioun an D\u00e9veloppement communautaire.<\/li>\n<\/ul>\n<ul>\n<li style=\"text-align: justify;\">D&#8217;Gesellschaft entw\u00e9ckelt sech \u00ebmmer weider, an eist Mouvement muss sech lafend neien Erausfuerderunge stellen. Zwee Problemkreesser goufen esou an de leschte Joeren thematis\u00e9iert. D&#8217;Zesummeliewe vu Mann a Fra, an d&#8217;Gemeinschaft op lokalem, nationalem an internationalem Plang. D&#8217;Co\u00e9ducatioun an den D\u00e9veloppement communautaire bezeechnen eis Erz\u00e9iungsaarbecht op d\u00ebsen zwee Gebidder<\/li>\n<\/ul>\n<ul>\n<li>\n<p style=\"text-align: justify;\" align=\"justify\">D\u2019RaRo Method &#8222;Guide Routier&#8220; k\u00ebnnt dir am LGS-Shop kafen. De Pr\u00e4is ass 8 Euro. Also net ze deier.<\/p>\n<\/li>\n<\/ul>\n<p style=\"text-align: right;\"><em>(Quell: lgs.lu)<\/em><\/p>\n<div class=\"fcbkbttn_buttons_block\" id=\"fcbkbttn_left\"><div class=\"fcbkbttn_button\">\n\t\t\t\t\t<a href=\"https:\/\/www.facebook.com\/lgsbartreng\" target=\"_blank\">\n\t\t\t\t\t\t<img decoding=\"async\" src=\"\" alt=\"Fb-Button\" \/>\n\t\t\t\t\t<\/a>\n\t\t\t\t<\/div><div class=\"fcbkbttn_like \"><fb:like href=\"https:\/\/www.lgsbartreng.lu\/wordpress\/branchen\/raro\/\" action=\"like\" colorscheme=\"light\" layout=\"button\"  size=\"small\"><\/fb:like><\/div><div class=\"fb-share-button  \" data-href=\"https:\/\/www.lgsbartreng.lu\/wordpress\/branchen\/raro\/\" data-type=\"button\" data-size=\"small\"><\/div><\/div>","protected":false},"excerpt":{"rendered":"<p>D&#8217;Ranger an d&#8217;Rover si Jugendlech, Meedercher a Jongen vu 17 bis 23 Joer. Si bilden d\u00e9i iewescht Branche vum Verband vun de L\u00ebtzebuerger Guiden a Scouten. Hir Ziler sinn domat d\u00e9i n\u00e4mlecht w\u00e9i d\u00e9i vum ganze Verband. Mee, eleng duerch&#8230;<br \/><a class=\"read-more-button\" href=\"https:\/\/www.lgsbartreng.lu\/wordpress\/branchen\/raro\/\">Mehr Lesen<\/a><\/p>\n","protected":false},"author":1,"featured_media":0,"parent":109,"menu_order":0,"comment_status":"closed","ping_status":"closed","template":"","meta":{"jetpack_post_was_ever_published":false,"footnotes":""},"class_list":["post-58","page","type-page","status-publish","hentry"],"jetpack_sharing_enabled":true,"jetpack_shortlink":"https:\/\/wp.me\/P8GwUP-W","post_mailing_queue_ids":[],"_links":{"self":[{"href":"https:\/\/www.lgsbartreng.lu\/wordpress\/wp-json\/wp\/v2\/pages\/58","targetHints":{"allow":["GET"]}}],"collection":[{"href":"https:\/\/www.lgsbartreng.lu\/wordpress\/wp-json\/wp\/v2\/pages"}],"about":[{"href":"https:\/\/www.lgsbartreng.lu\/wordpress\/wp-json\/wp\/v2\/types\/page"}],"author":[{"embeddable":true,"href":"https:\/\/www.lgsbartreng.lu\/wordpress\/wp-json\/wp\/v2\/users\/1"}],"replies":[{"embeddable":true,"href":"https:\/\/www.lgsbartreng.lu\/wordpress\/wp-json\/wp\/v2\/comments?post=58"}],"version-history":[{"count":18,"href":"https:\/\/www.lgsbartreng.lu\/wordpress\/wp-json\/wp\/v2\/pages\/58\/revisions"}],"predecessor-version":[{"id":3466,"href":"https:\/\/www.lgsbartreng.lu\/wordpress\/wp-json\/wp\/v2\/pages\/58\/revisions\/3466"}],"up":[{"embeddable":true,"href":"https:\/\/www.lgsbartreng.lu\/wordpress\/wp-json\/wp\/v2\/pages\/109"}],"wp:attachment":[{"href":"https:\/\/www.lgsbartreng.lu\/wordpress\/wp-json\/wp\/v2\/media?parent=58"}],"curies":[{"name":"wp","href":"https:\/\/api.w.org\/{rel}","templated":true}]}}